{"id":90,"date":"2024-11-26T22:44:58","date_gmt":"2024-11-26T22:44:58","guid":{"rendered":"https:\/\/maluma.online\/?page_id=90"},"modified":"2024-12-18T17:05:55","modified_gmt":"2024-12-18T17:05:55","slug":"prensa","status":"publish","type":"page","link":"https:\/\/maluma.online\/en\/prensa\/","title":{"rendered":"Press"},"content":{"rendered":"<section id=\"section-6-90\" class=\"ct-section section-container\" ><div class=\"ct-section-inner-wrap\"><div id=\"div_block-7-90\" class=\"ct-div-block container-title\" ><h1 id=\"headline-8-90\" class=\"ct-headline\">SELECTED COVERS \/&nbsp;<\/h1><h2 id=\"headline-9-90\" class=\"ct-headline\">PRESS<\/h2><\/div><div id=\"new_columns-12-90\" class=\"ct-new-columns\" ><div id=\"div_block-13-90\" class=\"ct-div-block\" ><div id=\"div_block-14-90\" class=\"ct-div-block container-music\" ><a id=\"link-15-90\" class=\"ct-link link-cover-music\" href=\"https:\/\/www.allure.com\/story\/maluma-cover-interview-spanish-translation\" target=\"_blank\"  ><img decoding=\"async\"  id=\"image-16-90\" alt=\"Allure Magazine\" src=\"https:\/\/maluma.online\/wp-content\/uploads\/2024\/11\/Allure-Magazine.jpg\" class=\"ct-image image-music\" srcset-disabled=\"\" sizes=\"(max-width: 800px) 100vw, 800px\" \/><\/a><a id=\"link_text-17-90\" class=\"ct-link-text link-music\" href=\"http:\/\/\" target=\"_self\"  >Allure Magazine<br>2024<\/a><\/div><\/div><div id=\"div_block-18-90\" class=\"ct-div-block\" ><div id=\"div_block-19-90\" class=\"ct-div-block container-music\" ><a id=\"link-20-90\" class=\"ct-link link-cover-music\" href=\"https:\/\/inkedmag.com\/celebrities\/inked-exclusive-malumas-biggest-tattoo\" target=\"_blank\"  ><img decoding=\"async\"  id=\"image-21-90\" alt=\"\" src=\"https:\/\/maluma.online\/wp-content\/uploads\/2024\/12\/29-800x1000-1.webp\" class=\"ct-image image-music\" srcset-disabled=\"\" sizes=\"(max-width: 800px) 100vw, 800px\" \/><\/a><a id=\"link_text-22-90\" class=\"ct-link-text link-music\" href=\"https:\/\/inkedmag.com\/celebrities\/inked-exclusive-malumas-biggest-tattoo\" target=\"_blank\"  >Inked Magazine<br>2024<\/a><\/div><\/div><div id=\"div_block-23-90\" class=\"ct-div-block\" ><div id=\"div_block-24-90\" class=\"ct-div-block container-music\" ><a id=\"link-25-90\" class=\"ct-link link-cover-music\" href=\"https:\/\/marieclairecolombia.com\/maluma-entrevista-quien-es-cantante\/\" target=\"_blank\"  ><img decoding=\"async\"  id=\"image-26-90\" alt=\"Maire Claire\" src=\"https:\/\/maluma.online\/wp-content\/uploads\/2024\/11\/Maire-Claire.jpg\" class=\"ct-image image-music\" srcset-disabled=\"\" sizes=\"(max-width: 800px) 100vw, 800px\" \/><\/a><a id=\"link_text-27-90\" class=\"ct-link-text link-music\" href=\"http:\/\/\" target=\"_self\"  >Maire Claire<br>2024<\/a><\/div><\/div><\/div><div id=\"code_block-37-90\" class=\"ct-code-block\" ><\/div><\/div><\/section>","protected":false},"excerpt":{"rendered":"","protected":false},"author":1,"featured_media":0,"parent":0,"menu_order":0,"comment_status":"closed","ping_status":"closed","template":"","meta":{"inline_featured_image":false,"footnotes":""},"class_list":["post-90","page","type-page","status-publish","hentry"],"yoast_head":"<!-- This site is optimized with the Yoast SEO plugin v26.8 - https:\/\/yoast.com\/product\/yoast-seo-wordpress\/ -->\n<title>Prensa - Sitio oficial de Maluma + PRETTY + DIRTY World Tour<\/title>\n<meta name=\"description\" content=\"Accede a los \u00faltimos comunicados de prensa, kits de medios y declaraciones oficiales sobre Maluma. Mantente informado con informaci\u00f3n verificada.\" \/>\n<meta name=\"robots\" content=\"index, follow, max-snippet:-1, max-image-preview:large, max-video-preview:-1\" \/>\n<link rel=\"canonical\" href=\"https:\/\/maluma.online\/en\/prensa\/\" \/>\n<meta property=\"og:locale\" content=\"en_US\" \/>\n<meta property=\"og:type\" content=\"article\" \/>\n<meta property=\"og:title\" content=\"Prensa - Sitio oficial de Maluma + PRETTY + DIRTY World Tour\" \/>\n<meta property=\"og:description\" content=\"Accede a los \u00faltimos comunicados de prensa, kits de medios y declaraciones oficiales sobre Maluma. Mantente informado con informaci\u00f3n verificada.\" \/>\n<meta property=\"og:url\" content=\"https:\/\/maluma.online\/en\/prensa\/\" \/>\n<meta property=\"og:site_name\" content=\"Sitio oficial de Maluma + PRETTY + DIRTY World Tour\" \/>\n<meta property=\"article:modified_time\" content=\"2024-12-18T17:05:55+00:00\" \/>\n<meta name=\"twitter:card\" content=\"summary_large_image\" \/>\n<meta name=\"twitter:label1\" content=\"Est. reading time\" \/>\n\t<meta name=\"twitter:data1\" content=\"1 minute\" \/>\n<script type=\"application\/ld+json\" class=\"yoast-schema-graph\">{\"@context\":\"https:\/\/schema.org\",\"@graph\":[{\"@type\":\"WebPage\",\"@id\":\"https:\/\/maluma.online\/prensa\/\",\"url\":\"https:\/\/maluma.online\/prensa\/\",\"name\":\"Prensa - Sitio oficial de Maluma + PRETTY + DIRTY World Tour\",\"isPartOf\":{\"@id\":\"https:\/\/maluma.online\/en\/#website\"},\"datePublished\":\"2024-11-26T22:44:58+00:00\",\"dateModified\":\"2024-12-18T17:05:55+00:00\",\"description\":\"Accede a los \u00faltimos comunicados de prensa, kits de medios y declaraciones oficiales sobre Maluma. Mantente informado con informaci\u00f3n verificada.\",\"breadcrumb\":{\"@id\":\"https:\/\/maluma.online\/prensa\/#breadcrumb\"},\"inLanguage\":\"en-US\",\"potentialAction\":[{\"@type\":\"ReadAction\",\"target\":[\"https:\/\/maluma.online\/prensa\/\"]}]},{\"@type\":\"BreadcrumbList\",\"@id\":\"https:\/\/maluma.online\/prensa\/#breadcrumb\",\"itemListElement\":[{\"@type\":\"ListItem\",\"position\":1,\"name\":\"Home\",\"item\":\"https:\/\/maluma.online\/\"},{\"@type\":\"ListItem\",\"position\":2,\"name\":\"Prensa\"}]},{\"@type\":\"WebSite\",\"@id\":\"https:\/\/maluma.online\/en\/#website\",\"url\":\"https:\/\/maluma.online\/en\/\",\"name\":\"Sitio oficial de Maluma + PRETTY + DIRTY World Tour\",\"description\":\"Ingresa ahora y conoce todo lo nuevo de Maluma adem\u00e1s encuentra toda la informaci\u00f3n, M\u00fasica, eventos, merchandising, vive una experiencia VIP con Papi Juancho\",\"potentialAction\":[{\"@type\":\"SearchAction\",\"target\":{\"@type\":\"EntryPoint\",\"urlTemplate\":\"https:\/\/maluma.online\/en\/?s={search_term_string}\"},\"query-input\":{\"@type\":\"PropertyValueSpecification\",\"valueRequired\":true,\"valueName\":\"search_term_string\"}}],\"inLanguage\":\"en-US\"}]}<\/script>\n<!-- \/ Yoast SEO plugin. -->","yoast_head_json":{"title":"Prensa - Sitio oficial de Maluma + PRETTY + DIRTY World Tour","description":"Accede a los \u00faltimos comunicados de prensa, kits de medios y declaraciones oficiales sobre Maluma. Mantente informado con informaci\u00f3n verificada.","robots":{"index":"index","follow":"follow","max-snippet":"max-snippet:-1","max-image-preview":"max-image-preview:large","max-video-preview":"max-video-preview:-1"},"canonical":"https:\/\/maluma.online\/en\/prensa\/","og_locale":"en_US","og_type":"article","og_title":"Prensa - Sitio oficial de Maluma + PRETTY + DIRTY World Tour","og_description":"Accede a los \u00faltimos comunicados de prensa, kits de medios y declaraciones oficiales sobre Maluma. Mantente informado con informaci\u00f3n verificada.","og_url":"https:\/\/maluma.online\/en\/prensa\/","og_site_name":"Sitio oficial de Maluma + PRETTY + DIRTY World Tour","article_modified_time":"2024-12-18T17:05:55+00:00","twitter_card":"summary_large_image","twitter_misc":{"Est. reading time":"1 minute"},"schema":{"@context":"https:\/\/schema.org","@graph":[{"@type":"WebPage","@id":"https:\/\/maluma.online\/prensa\/","url":"https:\/\/maluma.online\/prensa\/","name":"Prensa - Sitio oficial de Maluma + PRETTY + DIRTY World Tour","isPartOf":{"@id":"https:\/\/maluma.online\/en\/#website"},"datePublished":"2024-11-26T22:44:58+00:00","dateModified":"2024-12-18T17:05:55+00:00","description":"Accede a los \u00faltimos comunicados de prensa, kits de medios y declaraciones oficiales sobre Maluma. Mantente informado con informaci\u00f3n verificada.","breadcrumb":{"@id":"https:\/\/maluma.online\/prensa\/#breadcrumb"},"inLanguage":"en-US","potentialAction":[{"@type":"ReadAction","target":["https:\/\/maluma.online\/prensa\/"]}]},{"@type":"BreadcrumbList","@id":"https:\/\/maluma.online\/prensa\/#breadcrumb","itemListElement":[{"@type":"ListItem","position":1,"name":"Home","item":"https:\/\/maluma.online\/"},{"@type":"ListItem","position":2,"name":"Prensa"}]},{"@type":"WebSite","@id":"https:\/\/maluma.online\/en\/#website","url":"https:\/\/maluma.online\/en\/","name":"Sitio oficial de Maluma + PRETTY + DIRTY World Tour","description":"Ingresa ahora y conoce todo lo nuevo de Maluma adem\u00e1s encuentra toda la informaci\u00f3n, M\u00fasica, eventos, merchandising, vive una experiencia VIP con Papi Juancho","potentialAction":[{"@type":"SearchAction","target":{"@type":"EntryPoint","urlTemplate":"https:\/\/maluma.online\/en\/?s={search_term_string}"},"query-input":{"@type":"PropertyValueSpecification","valueRequired":true,"valueName":"search_term_string"}}],"inLanguage":"en-US"}]}},"_links":{"self":[{"href":"https:\/\/maluma.online\/en\/wp-json\/wp\/v2\/pages\/90","targetHints":{"allow":["GET"]}}],"collection":[{"href":"https:\/\/maluma.online\/en\/wp-json\/wp\/v2\/pages"}],"about":[{"href":"https:\/\/maluma.online\/en\/wp-json\/wp\/v2\/types\/page"}],"author":[{"embeddable":true,"href":"https:\/\/maluma.online\/en\/wp-json\/wp\/v2\/users\/1"}],"replies":[{"embeddable":true,"href":"https:\/\/maluma.online\/en\/wp-json\/wp\/v2\/comments?post=90"}],"version-history":[{"count":0,"href":"https:\/\/maluma.online\/en\/wp-json\/wp\/v2\/pages\/90\/revisions"}],"wp:attachment":[{"href":"https:\/\/maluma.online\/en\/wp-json\/wp\/v2\/media?parent=90"}],"curies":[{"name":"wp","href":"https:\/\/api.w.org\/{rel}","templated":true}]}}