{"id":47,"date":"2024-11-15T03:36:03","date_gmt":"2024-11-15T03:36:03","guid":{"rendered":"https:\/\/maluma.online\/?page_id=47"},"modified":"2024-12-27T18:23:34","modified_gmt":"2024-12-27T18:23:34","slug":"info","status":"publish","type":"page","link":"https:\/\/maluma.online\/en\/info\/","title":{"rendered":"Info"},"content":{"rendered":"<section id=\"section-2-47\" class=\"ct-section section-container\" ><div class=\"ct-section-inner-wrap\"><div id=\"div_block-6-47\" class=\"ct-div-block container-title\" ><h1 id=\"headline-7-47\" class=\"ct-headline\">BIO \/&nbsp;<\/h1><h2 id=\"headline-8-47\" class=\"ct-headline\">INFO<\/h2><\/div><img decoding=\"async\"  id=\"image-4-47\" alt=\"Mluma ni\u00f1o\" src=\"https:\/\/maluma.online\/wp-content\/uploads\/2024\/11\/Meluma-peque.jpg\" class=\"ct-image\" srcset-disabled=\"https:\/\/maluma.online\/wp-content\/uploads\/2024\/11\/Meluma-peque.jpg 800w, https:\/\/maluma.online\/wp-content\/uploads\/2024\/11\/Meluma-peque-200x200.jpg 200w\" sizes=\"(max-width: 800px) 100vw, 800px\" \/><div id=\"_rich_text-3-47\" class=\"oxy-rich-text\" ><p><span style=\"font-weight: 400;\">Maluma, born Juan Luis Londo\u00f1o Arias, has established himself as one of the most influential global icons in contemporary Latin music. With a career that began in 2010 and has evolved rapidly, the Medell\u00edn-born artist has left an undeniable mark on the industry, breaking linguistic and cultural barriers with his unique style that blends reggaeton, pop, trap, and urban music.<\/span><\/p>\n<p><span style=\"font-weight: 400;\">Throughout his career, Maluma has released multiple multi-platinum albums, topped global charts, and collaborated with superstars such as Madonna, Shakira, The Weeknd, Jennifer Lopez, and Ricky Martin. His impact has transcended music, positioning him as a reference in fashion, philanthropy, and entrepreneurship.<\/span><\/p>\n<p><span style=\"font-weight: 400;\">Beyond his role as an artist, he has solidified his position as the creative director of his lifestyle brand Remanence, leading activations across fashion, sports, and wellness throughout Colombia. He has also successfully expanded into acting, design, and business, remaining committed to his vision of empowering new generations and promoting an authentic and conscious lifestyle.<\/span><\/p>\n<p><span style=\"font-weight: 400;\">Recognized for his versatility and constant artistic evolution, Maluma continues to prove that his career knows no limits. At this stage of professional maturity, he remains an unstoppable force in Latin pop culture while honoring his Latin American roots with every step he takes.<\/span><\/p>\n<p><span style=\"font-weight: 400;\">He has reinforced a narrative in which Colombia takes center stage\u2014from award show performances to direct references to art (Botero) and his roots within his recent releases.<\/span><\/p>\n<p><span style=\"font-weight: 400;\">His communication and musical decisions reflect a more curated phase of his career, where the focus is not only on hits, but on building a project with greater conceptual depth and coherence.<\/span><\/p>\n<p><span style=\"font-weight: 400;\">Maluma has entered 2026 combining <\/span><b>media impact, sonic evolution, and cultural storytelling,<\/b><span style=\"font-weight: 400;\">positioning himself not only as an entertainment figure, but as an artist in a stage of consolidation and legacy within Latin music.<\/span><\/p><\/div><\/div><\/section>","protected":false},"excerpt":{"rendered":"","protected":false},"author":1,"featured_media":0,"parent":0,"menu_order":0,"comment_status":"closed","ping_status":"closed","template":"","meta":{"inline_featured_image":false,"footnotes":""},"class_list":["post-47","page","type-page","status-publish","hentry"],"yoast_head":"<!-- This site is optimized with the Yoast SEO plugin v26.8 - https:\/\/yoast.com\/product\/yoast-seo-wordpress\/ -->\n<title>Info - Sitio oficial de Maluma + PRETTY + DIRTY World Tour<\/title>\n<meta name=\"description\" content=\"Conoce la historia de Maluma, desde sus inicios en Colombia hasta convertirse en un \u00edcono global de la m\u00fasica latina.\" \/>\n<meta name=\"robots\" content=\"index, follow, max-snippet:-1, max-image-preview:large, max-video-preview:-1\" \/>\n<link rel=\"canonical\" href=\"https:\/\/maluma.online\/en\/info\/\" \/>\n<meta property=\"og:locale\" content=\"en_US\" \/>\n<meta property=\"og:type\" content=\"article\" \/>\n<meta property=\"og:title\" content=\"Info - Sitio oficial de Maluma + PRETTY + DIRTY World Tour\" \/>\n<meta property=\"og:description\" content=\"Conoce la historia de Maluma, desde sus inicios en Colombia hasta convertirse en un \u00edcono global de la m\u00fasica latina.\" \/>\n<meta property=\"og:url\" content=\"https:\/\/maluma.online\/en\/info\/\" \/>\n<meta property=\"og:site_name\" content=\"Sitio oficial de Maluma + PRETTY + DIRTY World Tour\" \/>\n<meta property=\"article:modified_time\" content=\"2024-12-27T18:23:34+00:00\" \/>\n<meta name=\"twitter:card\" content=\"summary_large_image\" \/>\n<meta name=\"twitter:label1\" content=\"Est. reading time\" \/>\n\t<meta name=\"twitter:data1\" content=\"2 minutes\" \/>\n<script type=\"application\/ld+json\" class=\"yoast-schema-graph\">{\"@context\":\"https:\/\/schema.org\",\"@graph\":[{\"@type\":\"WebPage\",\"@id\":\"https:\/\/maluma.online\/info\/\",\"url\":\"https:\/\/maluma.online\/info\/\",\"name\":\"Info - Sitio oficial de Maluma + PRETTY + DIRTY World Tour\",\"isPartOf\":{\"@id\":\"https:\/\/maluma.online\/en\/#website\"},\"datePublished\":\"2024-11-15T03:36:03+00:00\",\"dateModified\":\"2024-12-27T18:23:34+00:00\",\"description\":\"Conoce la historia de Maluma, desde sus inicios en Colombia hasta convertirse en un \u00edcono global de la m\u00fasica latina.\",\"breadcrumb\":{\"@id\":\"https:\/\/maluma.online\/info\/#breadcrumb\"},\"inLanguage\":\"en-US\",\"potentialAction\":[{\"@type\":\"ReadAction\",\"target\":[\"https:\/\/maluma.online\/info\/\"]}]},{\"@type\":\"BreadcrumbList\",\"@id\":\"https:\/\/maluma.online\/info\/#breadcrumb\",\"itemListElement\":[{\"@type\":\"ListItem\",\"position\":1,\"name\":\"Home\",\"item\":\"https:\/\/maluma.online\/\"},{\"@type\":\"ListItem\",\"position\":2,\"name\":\"Info\"}]},{\"@type\":\"WebSite\",\"@id\":\"https:\/\/maluma.online\/en\/#website\",\"url\":\"https:\/\/maluma.online\/en\/\",\"name\":\"Sitio oficial de Maluma + PRETTY + DIRTY World Tour\",\"description\":\"Ingresa ahora y conoce todo lo nuevo de Maluma adem\u00e1s encuentra toda la informaci\u00f3n, M\u00fasica, eventos, merchandising, vive una experiencia VIP con Papi Juancho\",\"potentialAction\":[{\"@type\":\"SearchAction\",\"target\":{\"@type\":\"EntryPoint\",\"urlTemplate\":\"https:\/\/maluma.online\/en\/?s={search_term_string}\"},\"query-input\":{\"@type\":\"PropertyValueSpecification\",\"valueRequired\":true,\"valueName\":\"search_term_string\"}}],\"inLanguage\":\"en-US\"}]}<\/script>\n<!-- \/ Yoast SEO plugin. -->","yoast_head_json":{"title":"Info - Sitio oficial de Maluma + PRETTY + DIRTY World Tour","description":"Conoce la historia de Maluma, desde sus inicios en Colombia hasta convertirse en un \u00edcono global de la m\u00fasica latina.","robots":{"index":"index","follow":"follow","max-snippet":"max-snippet:-1","max-image-preview":"max-image-preview:large","max-video-preview":"max-video-preview:-1"},"canonical":"https:\/\/maluma.online\/en\/info\/","og_locale":"en_US","og_type":"article","og_title":"Info - Sitio oficial de Maluma + PRETTY + DIRTY World Tour","og_description":"Conoce la historia de Maluma, desde sus inicios en Colombia hasta convertirse en un \u00edcono global de la m\u00fasica latina.","og_url":"https:\/\/maluma.online\/en\/info\/","og_site_name":"Sitio oficial de Maluma + PRETTY + DIRTY World Tour","article_modified_time":"2024-12-27T18:23:34+00:00","twitter_card":"summary_large_image","twitter_misc":{"Est. reading time":"2 minutes"},"schema":{"@context":"https:\/\/schema.org","@graph":[{"@type":"WebPage","@id":"https:\/\/maluma.online\/info\/","url":"https:\/\/maluma.online\/info\/","name":"Info - Sitio oficial de Maluma + PRETTY + DIRTY World Tour","isPartOf":{"@id":"https:\/\/maluma.online\/en\/#website"},"datePublished":"2024-11-15T03:36:03+00:00","dateModified":"2024-12-27T18:23:34+00:00","description":"Conoce la historia de Maluma, desde sus inicios en Colombia hasta convertirse en un \u00edcono global de la m\u00fasica latina.","breadcrumb":{"@id":"https:\/\/maluma.online\/info\/#breadcrumb"},"inLanguage":"en-US","potentialAction":[{"@type":"ReadAction","target":["https:\/\/maluma.online\/info\/"]}]},{"@type":"BreadcrumbList","@id":"https:\/\/maluma.online\/info\/#breadcrumb","itemListElement":[{"@type":"ListItem","position":1,"name":"Home","item":"https:\/\/maluma.online\/"},{"@type":"ListItem","position":2,"name":"Info"}]},{"@type":"WebSite","@id":"https:\/\/maluma.online\/en\/#website","url":"https:\/\/maluma.online\/en\/","name":"Sitio oficial de Maluma + PRETTY + DIRTY World Tour","description":"Ingresa ahora y conoce todo lo nuevo de Maluma adem\u00e1s encuentra toda la informaci\u00f3n, M\u00fasica, eventos, merchandising, vive una experiencia VIP con Papi Juancho","potentialAction":[{"@type":"SearchAction","target":{"@type":"EntryPoint","urlTemplate":"https:\/\/maluma.online\/en\/?s={search_term_string}"},"query-input":{"@type":"PropertyValueSpecification","valueRequired":true,"valueName":"search_term_string"}}],"inLanguage":"en-US"}]}},"_links":{"self":[{"href":"https:\/\/maluma.online\/en\/wp-json\/wp\/v2\/pages\/47","targetHints":{"allow":["GET"]}}],"collection":[{"href":"https:\/\/maluma.online\/en\/wp-json\/wp\/v2\/pages"}],"about":[{"href":"https:\/\/maluma.online\/en\/wp-json\/wp\/v2\/types\/page"}],"author":[{"embeddable":true,"href":"https:\/\/maluma.online\/en\/wp-json\/wp\/v2\/users\/1"}],"replies":[{"embeddable":true,"href":"https:\/\/maluma.online\/en\/wp-json\/wp\/v2\/comments?post=47"}],"version-history":[{"count":1,"href":"https:\/\/maluma.online\/en\/wp-json\/wp\/v2\/pages\/47\/revisions"}],"predecessor-version":[{"id":154,"href":"https:\/\/maluma.online\/en\/wp-json\/wp\/v2\/pages\/47\/revisions\/154"}],"wp:attachment":[{"href":"https:\/\/maluma.online\/en\/wp-json\/wp\/v2\/media?parent=47"}],"curies":[{"name":"wp","href":"https:\/\/api.w.org\/{rel}","templated":true}]}}