{"id":43,"date":"2024-11-15T03:35:40","date_gmt":"2024-11-15T03:35:40","guid":{"rendered":"https:\/\/maluma.online\/?page_id=43"},"modified":"2024-12-18T17:03:48","modified_gmt":"2024-12-18T17:03:48","slug":"marcas","status":"publish","type":"page","link":"https:\/\/maluma.online\/en\/marcas\/","title":{"rendered":"Brands"},"content":{"rendered":"<section id=\"section-3-43\" class=\"ct-section section-container\" ><div class=\"ct-section-inner-wrap\"><div id=\"div_block-4-43\" class=\"ct-div-block container-title\" ><h1 id=\"headline-5-43\" class=\"ct-headline\">BRANDS \/&nbsp;<\/h1><h2 id=\"headline-6-43\" class=\"ct-headline\">PROJECTS<\/h2><\/div><div id=\"_rich_text-7-43\" class=\"oxy-rich-text brand-clients-list\" ><ul>\n<li><a href=\"https:\/\/royaltyfilms.co\" target=\"_blank\" rel=\"noopener\">ROYALTY FILMS<\/a><\/li>\n<li><a href=\"https:\/\/www.instagram.com\/criaderoelrelato\" target=\"_blank\" rel=\"noopener\">CRIADERO EL RELATO<\/a><\/li>\n<li><a href=\"https:\/\/mezcalcontraluz.com\/es\" target=\"_blank\" rel=\"noopener\">CONTRALUZ<\/a><\/li>\n<li><a href=\"https:\/\/royaltyrecords.co\" target=\"_blank\" rel=\"noopener\">ROYALTY RECORDS<\/a><\/li>\n<li><a href=\"https:\/\/remanence.co\/\" target=\"_blank\" rel=\"noopener\">REMANENCE<\/a><\/li>\n<li><a href=\"https:\/\/elartedelossuenos.com\/\" target=\"_blank\" rel=\"noopener\">EL ARTE DE LOS SUE\u00d1OS<\/a><\/li>\n<li><a href=\"https:\/\/www.instagram.com\/casaeterna.co\" target=\"_blank\" rel=\"noopener\">CASA ETERNA<\/a><\/li>\n<li><a href=\"https:\/\/www.instagram.com\/nuevecerotres.903\/\">NUEVE CERO TRES<\/a><\/li>\n<li><a href=\"https:\/\/maluma.lnk.to\/LasCosasComoSon\">LAS COSAS COMO SON<\/a><\/li>\n<\/ul><\/div><\/div><\/section><div id=\"code_block-10-43\" class=\"ct-code-block\" ><\/div>","protected":false},"excerpt":{"rendered":"","protected":false},"author":1,"featured_media":0,"parent":0,"menu_order":0,"comment_status":"closed","ping_status":"closed","template":"","meta":{"inline_featured_image":false,"footnotes":""},"class_list":["post-43","page","type-page","status-publish","hentry"],"yoast_head":"<!-- This site is optimized with the Yoast SEO plugin v26.8 - https:\/\/yoast.com\/product\/yoast-seo-wordpress\/ -->\n<title>Marcas - Sitio oficial de Maluma + PRETTY + DIRTY World Tour<\/title>\n<meta name=\"description\" content=\"Compra la colecci\u00f3n exclusiva de mercanc\u00eda de Maluma, incluyendo ropa, accesorios y m\u00e1s. Demuestra tu amor por Maluma con estilo.\" \/>\n<meta name=\"robots\" content=\"index, follow, max-snippet:-1, max-image-preview:large, max-video-preview:-1\" \/>\n<link rel=\"canonical\" href=\"https:\/\/maluma.online\/en\/marcas\/\" \/>\n<meta property=\"og:locale\" content=\"en_US\" \/>\n<meta property=\"og:type\" content=\"article\" \/>\n<meta property=\"og:title\" content=\"Marcas - Sitio oficial de Maluma + PRETTY + DIRTY World Tour\" \/>\n<meta property=\"og:description\" content=\"Compra la colecci\u00f3n exclusiva de mercanc\u00eda de Maluma, incluyendo ropa, accesorios y m\u00e1s. Demuestra tu amor por Maluma con estilo.\" \/>\n<meta property=\"og:url\" content=\"https:\/\/maluma.online\/en\/marcas\/\" \/>\n<meta property=\"og:site_name\" content=\"Sitio oficial de Maluma + PRETTY + DIRTY World Tour\" \/>\n<meta property=\"article:modified_time\" content=\"2024-12-18T17:03:48+00:00\" \/>\n<meta name=\"twitter:card\" content=\"summary_large_image\" \/>\n<meta name=\"twitter:label1\" content=\"Est. reading time\" \/>\n\t<meta name=\"twitter:data1\" content=\"1 minute\" \/>\n<script type=\"application\/ld+json\" class=\"yoast-schema-graph\">{\"@context\":\"https:\/\/schema.org\",\"@graph\":[{\"@type\":\"WebPage\",\"@id\":\"https:\/\/maluma.online\/marcas\/\",\"url\":\"https:\/\/maluma.online\/marcas\/\",\"name\":\"Marcas - Sitio oficial de Maluma + PRETTY + DIRTY World Tour\",\"isPartOf\":{\"@id\":\"https:\/\/maluma.online\/en\/#website\"},\"datePublished\":\"2024-11-15T03:35:40+00:00\",\"dateModified\":\"2024-12-18T17:03:48+00:00\",\"description\":\"Compra la colecci\u00f3n exclusiva de mercanc\u00eda de Maluma, incluyendo ropa, accesorios y m\u00e1s. Demuestra tu amor por Maluma con estilo.\",\"breadcrumb\":{\"@id\":\"https:\/\/maluma.online\/marcas\/#breadcrumb\"},\"inLanguage\":\"en-US\",\"potentialAction\":[{\"@type\":\"ReadAction\",\"target\":[\"https:\/\/maluma.online\/marcas\/\"]}]},{\"@type\":\"BreadcrumbList\",\"@id\":\"https:\/\/maluma.online\/marcas\/#breadcrumb\",\"itemListElement\":[{\"@type\":\"ListItem\",\"position\":1,\"name\":\"Home\",\"item\":\"https:\/\/maluma.online\/\"},{\"@type\":\"ListItem\",\"position\":2,\"name\":\"Marcas\"}]},{\"@type\":\"WebSite\",\"@id\":\"https:\/\/maluma.online\/en\/#website\",\"url\":\"https:\/\/maluma.online\/en\/\",\"name\":\"Sitio oficial de Maluma + PRETTY + DIRTY World Tour\",\"description\":\"Ingresa ahora y conoce todo lo nuevo de Maluma adem\u00e1s encuentra toda la informaci\u00f3n, M\u00fasica, eventos, merchandising, vive una experiencia VIP con Papi Juancho\",\"potentialAction\":[{\"@type\":\"SearchAction\",\"target\":{\"@type\":\"EntryPoint\",\"urlTemplate\":\"https:\/\/maluma.online\/en\/?s={search_term_string}\"},\"query-input\":{\"@type\":\"PropertyValueSpecification\",\"valueRequired\":true,\"valueName\":\"search_term_string\"}}],\"inLanguage\":\"en-US\"}]}<\/script>\n<!-- \/ Yoast SEO plugin. -->","yoast_head_json":{"title":"Marcas - Sitio oficial de Maluma + PRETTY + DIRTY World Tour","description":"Compra la colecci\u00f3n exclusiva de mercanc\u00eda de Maluma, incluyendo ropa, accesorios y m\u00e1s. Demuestra tu amor por Maluma con estilo.","robots":{"index":"index","follow":"follow","max-snippet":"max-snippet:-1","max-image-preview":"max-image-preview:large","max-video-preview":"max-video-preview:-1"},"canonical":"https:\/\/maluma.online\/en\/marcas\/","og_locale":"en_US","og_type":"article","og_title":"Marcas - Sitio oficial de Maluma + PRETTY + DIRTY World Tour","og_description":"Compra la colecci\u00f3n exclusiva de mercanc\u00eda de Maluma, incluyendo ropa, accesorios y m\u00e1s. Demuestra tu amor por Maluma con estilo.","og_url":"https:\/\/maluma.online\/en\/marcas\/","og_site_name":"Sitio oficial de Maluma + PRETTY + DIRTY World Tour","article_modified_time":"2024-12-18T17:03:48+00:00","twitter_card":"summary_large_image","twitter_misc":{"Est. reading time":"1 minute"},"schema":{"@context":"https:\/\/schema.org","@graph":[{"@type":"WebPage","@id":"https:\/\/maluma.online\/marcas\/","url":"https:\/\/maluma.online\/marcas\/","name":"Marcas - Sitio oficial de Maluma + PRETTY + DIRTY World Tour","isPartOf":{"@id":"https:\/\/maluma.online\/en\/#website"},"datePublished":"2024-11-15T03:35:40+00:00","dateModified":"2024-12-18T17:03:48+00:00","description":"Compra la colecci\u00f3n exclusiva de mercanc\u00eda de Maluma, incluyendo ropa, accesorios y m\u00e1s. Demuestra tu amor por Maluma con estilo.","breadcrumb":{"@id":"https:\/\/maluma.online\/marcas\/#breadcrumb"},"inLanguage":"en-US","potentialAction":[{"@type":"ReadAction","target":["https:\/\/maluma.online\/marcas\/"]}]},{"@type":"BreadcrumbList","@id":"https:\/\/maluma.online\/marcas\/#breadcrumb","itemListElement":[{"@type":"ListItem","position":1,"name":"Home","item":"https:\/\/maluma.online\/"},{"@type":"ListItem","position":2,"name":"Marcas"}]},{"@type":"WebSite","@id":"https:\/\/maluma.online\/en\/#website","url":"https:\/\/maluma.online\/en\/","name":"Sitio oficial de Maluma + PRETTY + DIRTY World Tour","description":"Ingresa ahora y conoce todo lo nuevo de Maluma adem\u00e1s encuentra toda la informaci\u00f3n, M\u00fasica, eventos, merchandising, vive una experiencia VIP con Papi Juancho","potentialAction":[{"@type":"SearchAction","target":{"@type":"EntryPoint","urlTemplate":"https:\/\/maluma.online\/en\/?s={search_term_string}"},"query-input":{"@type":"PropertyValueSpecification","valueRequired":true,"valueName":"search_term_string"}}],"inLanguage":"en-US"}]}},"_links":{"self":[{"href":"https:\/\/maluma.online\/en\/wp-json\/wp\/v2\/pages\/43","targetHints":{"allow":["GET"]}}],"collection":[{"href":"https:\/\/maluma.online\/en\/wp-json\/wp\/v2\/pages"}],"about":[{"href":"https:\/\/maluma.online\/en\/wp-json\/wp\/v2\/types\/page"}],"author":[{"embeddable":true,"href":"https:\/\/maluma.online\/en\/wp-json\/wp\/v2\/users\/1"}],"replies":[{"embeddable":true,"href":"https:\/\/maluma.online\/en\/wp-json\/wp\/v2\/comments?post=43"}],"version-history":[{"count":0,"href":"https:\/\/maluma.online\/en\/wp-json\/wp\/v2\/pages\/43\/revisions"}],"wp:attachment":[{"href":"https:\/\/maluma.online\/en\/wp-json\/wp\/v2\/media?parent=43"}],"curies":[{"name":"wp","href":"https:\/\/api.w.org\/{rel}","templated":true}]}}