{"id":40,"date":"2024-11-15T03:35:14","date_gmt":"2024-11-15T03:35:14","guid":{"rendered":"https:\/\/maluma.online\/?page_id=40"},"modified":"2024-12-18T17:01:07","modified_gmt":"2024-12-18T17:01:07","slug":"tienda","status":"publish","type":"page","link":"https:\/\/maluma.online\/en\/tienda\/","title":{"rendered":"Merch"},"content":{"rendered":"<section id=\"section-8-40\" class=\"ct-section section-container\" ><div class=\"ct-section-inner-wrap\"><div id=\"div_block-9-40\" class=\"ct-div-block container-title\" ><h1 id=\"headline-10-40\" class=\"ct-headline\">MERCH \/&nbsp;<\/h1><h2 id=\"headline-11-40\" class=\"ct-headline\">SHOP<\/h2><\/div><div id=\"div_block-12-40\" class=\"ct-div-block container-title\" ><div id=\"text_block-102-40\" class=\"ct-text-block\" >OUR FAVORITES<\/div><\/div><div id=\"new_columns-14-40\" class=\"ct-new-columns\" ><div id=\"div_block-15-40\" class=\"ct-div-block\" ><div id=\"div_block-16-40\" class=\"ct-div-block container-music\" ><a id=\"link-17-40\" class=\"ct-link link-cover-music\" href=\"https:\/\/shopmaluma.com\/products\/don-juan-acid-wash-purple-tee\" target=\"_blank\"  ><img decoding=\"async\"  id=\"image-18-40\" alt=\"\" src=\"https:\/\/maluma.online\/wp-content\/uploads\/2024\/12\/Y3CTML048-Photoroom.png\" class=\"ct-image image-music\" srcset-disabled=\"https:\/\/maluma.online\/wp-content\/uploads\/2024\/12\/Y3CTML048-Photoroom.png 713w, https:\/\/maluma.online\/wp-content\/uploads\/2024\/12\/Y3CTML048-Photoroom-200x200.png 200w\" sizes=\"(max-width: 713px) 100vw, 713px\" \/><\/a><a id=\"link_text-19-40\" class=\"ct-link-text link-music\" href=\"http:\/\/\" target=\"_self\"  >Don Juan Acid Wash Purple Tee<\/a><\/div><\/div><div id=\"div_block-20-40\" class=\"ct-div-block\" ><div id=\"div_block-21-40\" class=\"ct-div-block container-music\" ><a id=\"link-22-40\" class=\"ct-link link-cover-music\" href=\"https:\/\/shopmaluma.com\/products\/don-juan-photo-tour-vintage-black-tee\" target=\"_blank\"  ><img decoding=\"async\"  id=\"image-74-40\" alt=\"\" src=\"https:\/\/maluma.online\/wp-content\/uploads\/2024\/12\/Y3CTML047-Photoroom.png\" class=\"ct-image image-music\" srcset-disabled=\"https:\/\/maluma.online\/wp-content\/uploads\/2024\/12\/Y3CTML047-Photoroom.png 713w, https:\/\/maluma.online\/wp-content\/uploads\/2024\/12\/Y3CTML047-Photoroom-200x200.png 200w\" sizes=\"(max-width: 713px) 100vw, 713px\" \/><\/a><a id=\"link_text-24-40\" class=\"ct-link-text link-music\" href=\"http:\/\/\" target=\"_self\"  >Don Juan Photo Tour Vintage Black Tee<\/a><\/div><\/div><div id=\"div_block-25-40\" class=\"ct-div-block\" ><div id=\"div_block-26-40\" class=\"ct-div-block container-music\" ><a id=\"link-27-40\" class=\"ct-link link-cover-music\" href=\"https:\/\/shopmaluma.com\/products\/don-juan-racecar-tee\" target=\"_blank\"  ><img decoding=\"async\"  id=\"image-28-40\" alt=\"\" src=\"https:\/\/maluma.online\/wp-content\/uploads\/2024\/12\/Y3CTML049-Photoroom.png\" class=\"ct-image image-music\" srcset-disabled=\"https:\/\/maluma.online\/wp-content\/uploads\/2024\/12\/Y3CTML049-Photoroom.png 713w, https:\/\/maluma.online\/wp-content\/uploads\/2024\/12\/Y3CTML049-Photoroom-200x200.png 200w\" sizes=\"(max-width: 713px) 100vw, 713px\" \/><\/a><a id=\"link_text-29-40\" class=\"ct-link-text link-music\" href=\"https:\/\/trueshop.co\/collections\/new\/products\/maluma-cream-tee-medallo-face\" target=\"_self\"  >Don Juan Racecar Tee<\/a><\/div><\/div><\/div><div id=\"div_block-75-40\" class=\"ct-div-block container-title\" ><a id=\"link_text-76-40\" class=\"ct-link-text\" href=\"https:\/\/shopmaluma.com\/\" target=\"_blank\"  >SEE ALL<\/a><\/div><\/div><\/section>","protected":false},"excerpt":{"rendered":"","protected":false},"author":1,"featured_media":0,"parent":0,"menu_order":0,"comment_status":"closed","ping_status":"closed","template":"","meta":{"inline_featured_image":false,"footnotes":""},"class_list":["post-40","page","type-page","status-publish","hentry"],"yoast_head":"<!-- This site is optimized with the Yoast SEO plugin v26.8 - https:\/\/yoast.com\/product\/yoast-seo-wordpress\/ -->\n<title>Tienda - Sitio oficial de Maluma + PRETTY + DIRTY World Tour<\/title>\n<meta name=\"description\" content=\"Compra la colecci\u00f3n exclusiva de mercanc\u00eda de Maluma, incluyendo ropa, accesorios y m\u00e1s. Demuestra tu amor por Maluma con estilo.\" \/>\n<meta name=\"robots\" content=\"index, follow, max-snippet:-1, max-image-preview:large, max-video-preview:-1\" \/>\n<link rel=\"canonical\" href=\"https:\/\/maluma.online\/en\/tienda\/\" \/>\n<meta property=\"og:locale\" content=\"en_US\" \/>\n<meta property=\"og:type\" content=\"article\" \/>\n<meta property=\"og:title\" content=\"Tienda - Sitio oficial de Maluma + PRETTY + DIRTY World Tour\" \/>\n<meta property=\"og:description\" content=\"Compra la colecci\u00f3n exclusiva de mercanc\u00eda de Maluma, incluyendo ropa, accesorios y m\u00e1s. Demuestra tu amor por Maluma con estilo.\" \/>\n<meta property=\"og:url\" content=\"https:\/\/maluma.online\/en\/tienda\/\" \/>\n<meta property=\"og:site_name\" content=\"Sitio oficial de Maluma + PRETTY + DIRTY World Tour\" \/>\n<meta property=\"article:modified_time\" content=\"2024-12-18T17:01:07+00:00\" \/>\n<meta name=\"twitter:card\" content=\"summary_large_image\" \/>\n<meta name=\"twitter:label1\" content=\"Est. reading time\" \/>\n\t<meta name=\"twitter:data1\" content=\"1 minute\" \/>\n<script type=\"application\/ld+json\" class=\"yoast-schema-graph\">{\"@context\":\"https:\/\/schema.org\",\"@graph\":[{\"@type\":\"WebPage\",\"@id\":\"https:\/\/maluma.online\/tienda\/\",\"url\":\"https:\/\/maluma.online\/tienda\/\",\"name\":\"Tienda - Sitio oficial de Maluma + PRETTY + DIRTY World Tour\",\"isPartOf\":{\"@id\":\"https:\/\/maluma.online\/en\/#website\"},\"datePublished\":\"2024-11-15T03:35:14+00:00\",\"dateModified\":\"2024-12-18T17:01:07+00:00\",\"description\":\"Compra la colecci\u00f3n exclusiva de mercanc\u00eda de Maluma, incluyendo ropa, accesorios y m\u00e1s. Demuestra tu amor por Maluma con estilo.\",\"breadcrumb\":{\"@id\":\"https:\/\/maluma.online\/tienda\/#breadcrumb\"},\"inLanguage\":\"en-US\",\"potentialAction\":[{\"@type\":\"ReadAction\",\"target\":[\"https:\/\/maluma.online\/tienda\/\"]}]},{\"@type\":\"BreadcrumbList\",\"@id\":\"https:\/\/maluma.online\/tienda\/#breadcrumb\",\"itemListElement\":[{\"@type\":\"ListItem\",\"position\":1,\"name\":\"Home\",\"item\":\"https:\/\/maluma.online\/\"},{\"@type\":\"ListItem\",\"position\":2,\"name\":\"Tienda\"}]},{\"@type\":\"WebSite\",\"@id\":\"https:\/\/maluma.online\/en\/#website\",\"url\":\"https:\/\/maluma.online\/en\/\",\"name\":\"Sitio oficial de Maluma + PRETTY + DIRTY World Tour\",\"description\":\"Ingresa ahora y conoce todo lo nuevo de Maluma adem\u00e1s encuentra toda la informaci\u00f3n, M\u00fasica, eventos, merchandising, vive una experiencia VIP con Papi Juancho\",\"potentialAction\":[{\"@type\":\"SearchAction\",\"target\":{\"@type\":\"EntryPoint\",\"urlTemplate\":\"https:\/\/maluma.online\/en\/?s={search_term_string}\"},\"query-input\":{\"@type\":\"PropertyValueSpecification\",\"valueRequired\":true,\"valueName\":\"search_term_string\"}}],\"inLanguage\":\"en-US\"}]}<\/script>\n<!-- \/ Yoast SEO plugin. -->","yoast_head_json":{"title":"Tienda - Sitio oficial de Maluma + PRETTY + DIRTY World Tour","description":"Compra la colecci\u00f3n exclusiva de mercanc\u00eda de Maluma, incluyendo ropa, accesorios y m\u00e1s. Demuestra tu amor por Maluma con estilo.","robots":{"index":"index","follow":"follow","max-snippet":"max-snippet:-1","max-image-preview":"max-image-preview:large","max-video-preview":"max-video-preview:-1"},"canonical":"https:\/\/maluma.online\/en\/tienda\/","og_locale":"en_US","og_type":"article","og_title":"Tienda - Sitio oficial de Maluma + PRETTY + DIRTY World Tour","og_description":"Compra la colecci\u00f3n exclusiva de mercanc\u00eda de Maluma, incluyendo ropa, accesorios y m\u00e1s. Demuestra tu amor por Maluma con estilo.","og_url":"https:\/\/maluma.online\/en\/tienda\/","og_site_name":"Sitio oficial de Maluma + PRETTY + DIRTY World Tour","article_modified_time":"2024-12-18T17:01:07+00:00","twitter_card":"summary_large_image","twitter_misc":{"Est. reading time":"1 minute"},"schema":{"@context":"https:\/\/schema.org","@graph":[{"@type":"WebPage","@id":"https:\/\/maluma.online\/tienda\/","url":"https:\/\/maluma.online\/tienda\/","name":"Tienda - Sitio oficial de Maluma + PRETTY + DIRTY World Tour","isPartOf":{"@id":"https:\/\/maluma.online\/en\/#website"},"datePublished":"2024-11-15T03:35:14+00:00","dateModified":"2024-12-18T17:01:07+00:00","description":"Compra la colecci\u00f3n exclusiva de mercanc\u00eda de Maluma, incluyendo ropa, accesorios y m\u00e1s. Demuestra tu amor por Maluma con estilo.","breadcrumb":{"@id":"https:\/\/maluma.online\/tienda\/#breadcrumb"},"inLanguage":"en-US","potentialAction":[{"@type":"ReadAction","target":["https:\/\/maluma.online\/tienda\/"]}]},{"@type":"BreadcrumbList","@id":"https:\/\/maluma.online\/tienda\/#breadcrumb","itemListElement":[{"@type":"ListItem","position":1,"name":"Home","item":"https:\/\/maluma.online\/"},{"@type":"ListItem","position":2,"name":"Tienda"}]},{"@type":"WebSite","@id":"https:\/\/maluma.online\/en\/#website","url":"https:\/\/maluma.online\/en\/","name":"Sitio oficial de Maluma + PRETTY + DIRTY World Tour","description":"Ingresa ahora y conoce todo lo nuevo de Maluma adem\u00e1s encuentra toda la informaci\u00f3n, M\u00fasica, eventos, merchandising, vive una experiencia VIP con Papi Juancho","potentialAction":[{"@type":"SearchAction","target":{"@type":"EntryPoint","urlTemplate":"https:\/\/maluma.online\/en\/?s={search_term_string}"},"query-input":{"@type":"PropertyValueSpecification","valueRequired":true,"valueName":"search_term_string"}}],"inLanguage":"en-US"}]}},"_links":{"self":[{"href":"https:\/\/maluma.online\/en\/wp-json\/wp\/v2\/pages\/40","targetHints":{"allow":["GET"]}}],"collection":[{"href":"https:\/\/maluma.online\/en\/wp-json\/wp\/v2\/pages"}],"about":[{"href":"https:\/\/maluma.online\/en\/wp-json\/wp\/v2\/types\/page"}],"author":[{"embeddable":true,"href":"https:\/\/maluma.online\/en\/wp-json\/wp\/v2\/users\/1"}],"replies":[{"embeddable":true,"href":"https:\/\/maluma.online\/en\/wp-json\/wp\/v2\/comments?post=40"}],"version-history":[{"count":0,"href":"https:\/\/maluma.online\/en\/wp-json\/wp\/v2\/pages\/40\/revisions"}],"wp:attachment":[{"href":"https:\/\/maluma.online\/en\/wp-json\/wp\/v2\/media?parent=40"}],"curies":[{"name":"wp","href":"https:\/\/api.w.org\/{rel}","templated":true}]}}