{"id":27,"date":"2024-11-15T03:28:19","date_gmt":"2024-11-15T03:28:19","guid":{"rendered":"https:\/\/maluma.online\/?page_id=27"},"modified":"2026-04-28T18:24:25","modified_gmt":"2026-04-28T18:24:25","slug":"tour","status":"publish","type":"page","link":"https:\/\/maluma.online\/en\/tour\/","title":{"rendered":"Tour"},"content":{"rendered":"<div id=\"div_block-358-27\" class=\"ct-div-block\" ><section id=\"section-2-27\" class=\"ct-section\"  data-aos=\"fade\" data-aos-duration=\"1600\" data-aos-offset=\"0\" data-aos-delay=\"300\" data-aos-once=\"true\"><div class=\"ct-section-inner-wrap\"><h2 id=\"headline-3-27\" class=\"ct-headline\">WORLD<\/h2><div id=\"text_block-5-27\" class=\"ct-text-block\" >TOUR<br>2025<\/div><div id=\"div_block-678-27\" class=\"ct-div-block tour-container\" ><div id=\"div_block-679-27\" class=\"ct-div-block date\" ><div id=\"text_block-680-27\" class=\"ct-text-block\" >23<\/div><div id=\"text_block-681-27\" class=\"ct-text-block\" >AUGUST<\/div><\/div><div id=\"div_block-682-27\" class=\"ct-div-block link\" ><a id=\"link_text-683-27\" class=\"ct-link-text\" href=\"https:\/\/www.smartticket.fun\/es\/event\/maluma-pretty-dirty?fbclid=PAQ0xDSwK34SVleHRuA2FlbQIxMQABp1ZODhSoXG62LfNvQhdTUD1DvJWEYCdLCT02ut-vHZupVzYrPailsQxkCCc0_aem_uumMw9vV2vmnHIS-j9jExw\" target=\"_blank\"  >BUY YOUR TICKETS<\/a><\/div><div id=\"div_block-684-27\" class=\"ct-div-block place\" ><div id=\"text_block-685-27\" class=\"ct-text-block\" >SAN SALVADOR, EL SALVADOR<\/div><\/div><\/div><div id=\"code_block-269-27\" class=\"ct-code-block\" ><\/div><\/div><\/section><\/div><div id=\"div_block-362-27\" class=\"ct-div-block\" ><section id=\"section-363-27\" class=\"ct-section\" ><div class=\"ct-section-inner-wrap\"><div id=\"div_block-365-27\" class=\"ct-div-block\" ><div id=\"text_block-364-27\" class=\"ct-text-block\" >TOUR \/<br><\/div><div id=\"text_block-380-27\" class=\"ct-text-block\" >DATES<br><\/div><\/div><div id=\"div_block-375-27\" class=\"ct-div-block\" ><div id=\"text_block-376-27\" class=\"ct-text-block\" >THERE ARE NO UPCOMING EVENTS.<br>PLEASE CHECK AGAIN LATER.<\/div><\/div><div id=\"div_block-369-27\" class=\"ct-div-block\" ><div id=\"text_block-370-27\" class=\"ct-text-block\" >Get notified when new events are announced in your area.<br>to be notified of new  tour dates, <br>click the RSVP link below.<br><\/div><div id=\"text_block-372-27\" class=\"ct-text-block\" >RSVP<br><\/div><img decoding=\"async\"  id=\"image-374-27\" alt=\"Corona Maluma\" src=\"https:\/\/maluma.online\/wp-content\/uploads\/2024\/11\/Corona-Maluma.svg\" class=\"ct-image\" srcset-disabled=\"\" sizes=\"(max-width: 1px) 100vw, 1px\" \/><\/div><\/div><\/section><\/div>","protected":false},"excerpt":{"rendered":"","protected":false},"author":1,"featured_media":0,"parent":0,"menu_order":0,"comment_status":"closed","ping_status":"closed","template":"","meta":{"inline_featured_image":false,"footnotes":""},"class_list":["post-27","page","type-page","status-publish","hentry"],"yoast_head":"<!-- This site is optimized with the Yoast SEO plugin v27.5 - https:\/\/yoast.com\/product\/yoast-seo-wordpress\/ -->\n<title>Tour - Sitio oficial de Maluma \u2014 Loco x Volver<\/title>\n<meta name=\"description\" content=\"Encuentra todos los detalles sobre los pr\u00f3ximos conciertos y giras de Maluma. No te pierdas la oportunidad de verlo en vivo cerca de ti.\" \/>\n<meta name=\"robots\" content=\"index, follow, max-snippet:-1, max-image-preview:large, max-video-preview:-1\" \/>\n<link rel=\"canonical\" href=\"https:\/\/maluma.online\/en\/tour\/\" \/>\n<meta property=\"og:locale\" content=\"en_US\" \/>\n<meta property=\"og:type\" content=\"article\" \/>\n<meta property=\"og:title\" content=\"Tour - Sitio oficial de Maluma \u2014 Loco x Volver\" \/>\n<meta property=\"og:description\" content=\"Encuentra todos los detalles sobre los pr\u00f3ximos conciertos y giras de Maluma. No te pierdas la oportunidad de verlo en vivo cerca de ti.\" \/>\n<meta property=\"og:url\" content=\"https:\/\/maluma.online\/en\/tour\/\" \/>\n<meta property=\"og:site_name\" content=\"Sitio oficial de Maluma \u2014 Loco x Volver\" \/>\n<meta property=\"article:publisher\" content=\"https:\/\/www.instagram.com\/maluma\/\" \/>\n<meta property=\"article:modified_time\" content=\"2026-04-28T18:24:25+00:00\" \/>\n<meta name=\"twitter:card\" content=\"summary_large_image\" \/>\n<meta name=\"twitter:site\" content=\"@maluma\" \/>\n<meta name=\"twitter:label1\" content=\"Est. reading time\" \/>\n\t<meta name=\"twitter:data1\" content=\"1 minute\" \/>\n<script type=\"application\/ld+json\" class=\"yoast-schema-graph\">{\"@context\":\"https:\\\/\\\/schema.org\",\"@graph\":[{\"@type\":\"WebPage\",\"@id\":\"https:\\\/\\\/maluma.online\\\/tour\\\/\",\"url\":\"https:\\\/\\\/maluma.online\\\/tour\\\/\",\"name\":\"Tour - Sitio oficial de Maluma \u2014 Loco x Volver\",\"isPartOf\":{\"@id\":\"https:\\\/\\\/maluma.online\\\/en\\\/#website\"},\"datePublished\":\"2024-11-15T03:28:19+00:00\",\"dateModified\":\"2026-04-28T18:24:25+00:00\",\"description\":\"Encuentra todos los detalles sobre los pr\u00f3ximos conciertos y giras de Maluma. No te pierdas la oportunidad de verlo en vivo cerca de ti.\",\"breadcrumb\":{\"@id\":\"https:\\\/\\\/maluma.online\\\/tour\\\/#breadcrumb\"},\"inLanguage\":\"en-US\",\"potentialAction\":[{\"@type\":\"ReadAction\",\"target\":[\"https:\\\/\\\/maluma.online\\\/tour\\\/\"]}]},{\"@type\":\"BreadcrumbList\",\"@id\":\"https:\\\/\\\/maluma.online\\\/tour\\\/#breadcrumb\",\"itemListElement\":[{\"@type\":\"ListItem\",\"position\":1,\"name\":\"Home\",\"item\":\"https:\\\/\\\/maluma.online\\\/\"},{\"@type\":\"ListItem\",\"position\":2,\"name\":\"Tour\"}]},{\"@type\":\"WebSite\",\"@id\":\"https:\\\/\\\/maluma.online\\\/en\\\/#website\",\"url\":\"https:\\\/\\\/maluma.online\\\/en\\\/\",\"name\":\"Sitio oficial de Maluma \u2014 Loco x Volver\",\"description\":\"Ingresa ahora y conoce todo lo nuevo de Maluma adem\u00e1s encuentra toda la informaci\u00f3n, M\u00fasica, eventos, merchandising, vive una experiencia VIP con Papi Juancho\",\"publisher\":{\"@id\":\"https:\\\/\\\/maluma.online\\\/en\\\/#organization\"},\"potentialAction\":[{\"@type\":\"SearchAction\",\"target\":{\"@type\":\"EntryPoint\",\"urlTemplate\":\"https:\\\/\\\/maluma.online\\\/en\\\/?s={search_term_string}\"},\"query-input\":{\"@type\":\"PropertyValueSpecification\",\"valueRequired\":true,\"valueName\":\"search_term_string\"}}],\"inLanguage\":\"en-US\"},{\"@type\":\"Organization\",\"@id\":\"https:\\\/\\\/maluma.online\\\/en\\\/#organization\",\"name\":\"Maluma\",\"url\":\"https:\\\/\\\/maluma.online\\\/en\\\/\",\"logo\":{\"@type\":\"ImageObject\",\"inLanguage\":\"en-US\",\"@id\":\"https:\\\/\\\/maluma.online\\\/en\\\/#\\\/schema\\\/logo\\\/image\\\/\",\"url\":\"https:\\\/\\\/maluma.online\\\/wp-content\\\/uploads\\\/2026\\\/04\\\/NuevoLogo-Maluma.jpg\",\"contentUrl\":\"https:\\\/\\\/maluma.online\\\/wp-content\\\/uploads\\\/2026\\\/04\\\/NuevoLogo-Maluma.jpg\",\"width\":435,\"height\":251,\"caption\":\"Maluma\"},\"image\":{\"@id\":\"https:\\\/\\\/maluma.online\\\/en\\\/#\\\/schema\\\/logo\\\/image\\\/\"},\"sameAs\":[\"https:\\\/\\\/www.instagram.com\\\/maluma\\\/\",\"https:\\\/\\\/x.com\\\/maluma\",\"https:\\\/\\\/www.youtube.com\\\/channel\\\/UClZuKq2m0Qu-HkopkSBLpEw\",\"https:\\\/\\\/music.apple.com\\\/cy\\\/artist\\\/maluma\\\/448916501\",\"https:\\\/\\\/open.spotify.com\\\/intl-es\\\/artist\\\/1r4hJ1h58CWwUQe3MxPuau\"]}]}<\/script>\n<!-- \/ Yoast SEO plugin. -->","yoast_head_json":{"title":"Tour - Sitio oficial de Maluma \u2014 Loco x Volver","description":"Encuentra todos los detalles sobre los pr\u00f3ximos conciertos y giras de Maluma. No te pierdas la oportunidad de verlo en vivo cerca de ti.","robots":{"index":"index","follow":"follow","max-snippet":"max-snippet:-1","max-image-preview":"max-image-preview:large","max-video-preview":"max-video-preview:-1"},"canonical":"https:\/\/maluma.online\/en\/tour\/","og_locale":"en_US","og_type":"article","og_title":"Tour - Sitio oficial de Maluma \u2014 Loco x Volver","og_description":"Encuentra todos los detalles sobre los pr\u00f3ximos conciertos y giras de Maluma. No te pierdas la oportunidad de verlo en vivo cerca de ti.","og_url":"https:\/\/maluma.online\/en\/tour\/","og_site_name":"Sitio oficial de Maluma \u2014 Loco x Volver","article_publisher":"https:\/\/www.instagram.com\/maluma\/","article_modified_time":"2026-04-28T18:24:25+00:00","twitter_card":"summary_large_image","twitter_site":"@maluma","twitter_misc":{"Est. reading time":"1 minute"},"schema":{"@context":"https:\/\/schema.org","@graph":[{"@type":"WebPage","@id":"https:\/\/maluma.online\/tour\/","url":"https:\/\/maluma.online\/tour\/","name":"Tour - Sitio oficial de Maluma \u2014 Loco x Volver","isPartOf":{"@id":"https:\/\/maluma.online\/en\/#website"},"datePublished":"2024-11-15T03:28:19+00:00","dateModified":"2026-04-28T18:24:25+00:00","description":"Encuentra todos los detalles sobre los pr\u00f3ximos conciertos y giras de Maluma. No te pierdas la oportunidad de verlo en vivo cerca de ti.","breadcrumb":{"@id":"https:\/\/maluma.online\/tour\/#breadcrumb"},"inLanguage":"en-US","potentialAction":[{"@type":"ReadAction","target":["https:\/\/maluma.online\/tour\/"]}]},{"@type":"BreadcrumbList","@id":"https:\/\/maluma.online\/tour\/#breadcrumb","itemListElement":[{"@type":"ListItem","position":1,"name":"Home","item":"https:\/\/maluma.online\/"},{"@type":"ListItem","position":2,"name":"Tour"}]},{"@type":"WebSite","@id":"https:\/\/maluma.online\/en\/#website","url":"https:\/\/maluma.online\/en\/","name":"Sitio oficial de Maluma \u2014 Loco x Volver","description":"Ingresa ahora y conoce todo lo nuevo de Maluma adem\u00e1s encuentra toda la informaci\u00f3n, M\u00fasica, eventos, merchandising, vive una experiencia VIP con Papi Juancho","publisher":{"@id":"https:\/\/maluma.online\/en\/#organization"},"potentialAction":[{"@type":"SearchAction","target":{"@type":"EntryPoint","urlTemplate":"https:\/\/maluma.online\/en\/?s={search_term_string}"},"query-input":{"@type":"PropertyValueSpecification","valueRequired":true,"valueName":"search_term_string"}}],"inLanguage":"en-US"},{"@type":"Organization","@id":"https:\/\/maluma.online\/en\/#organization","name":"Maluma","url":"https:\/\/maluma.online\/en\/","logo":{"@type":"ImageObject","inLanguage":"en-US","@id":"https:\/\/maluma.online\/en\/#\/schema\/logo\/image\/","url":"https:\/\/maluma.online\/wp-content\/uploads\/2026\/04\/NuevoLogo-Maluma.jpg","contentUrl":"https:\/\/maluma.online\/wp-content\/uploads\/2026\/04\/NuevoLogo-Maluma.jpg","width":435,"height":251,"caption":"Maluma"},"image":{"@id":"https:\/\/maluma.online\/en\/#\/schema\/logo\/image\/"},"sameAs":["https:\/\/www.instagram.com\/maluma\/","https:\/\/x.com\/maluma","https:\/\/www.youtube.com\/channel\/UClZuKq2m0Qu-HkopkSBLpEw","https:\/\/music.apple.com\/cy\/artist\/maluma\/448916501","https:\/\/open.spotify.com\/intl-es\/artist\/1r4hJ1h58CWwUQe3MxPuau"]}]}},"_links":{"self":[{"href":"https:\/\/maluma.online\/en\/wp-json\/wp\/v2\/pages\/27","targetHints":{"allow":["GET"]}}],"collection":[{"href":"https:\/\/maluma.online\/en\/wp-json\/wp\/v2\/pages"}],"about":[{"href":"https:\/\/maluma.online\/en\/wp-json\/wp\/v2\/types\/page"}],"author":[{"embeddable":true,"href":"https:\/\/maluma.online\/en\/wp-json\/wp\/v2\/users\/1"}],"replies":[{"embeddable":true,"href":"https:\/\/maluma.online\/en\/wp-json\/wp\/v2\/comments?post=27"}],"version-history":[{"count":1,"href":"https:\/\/maluma.online\/en\/wp-json\/wp\/v2\/pages\/27\/revisions"}],"predecessor-version":[{"id":155,"href":"https:\/\/maluma.online\/en\/wp-json\/wp\/v2\/pages\/27\/revisions\/155"}],"wp:attachment":[{"href":"https:\/\/maluma.online\/en\/wp-json\/wp\/v2\/media?parent=27"}],"curies":[{"name":"wp","href":"https:\/\/api.w.org\/{rel}","templated":true}]}}