{"id":19,"date":"2024-11-15T03:24:54","date_gmt":"2024-11-15T03:24:54","guid":{"rendered":"https:\/\/maluma.online\/?page_id=19"},"modified":"2024-12-18T16:57:05","modified_gmt":"2024-12-18T16:57:05","slug":"musica","status":"publish","type":"page","link":"https:\/\/maluma.online\/en\/musica\/","title":{"rendered":"Music"},"content":{"rendered":"<section id=\"section-2-19\" class=\"ct-section section-container\" ><div class=\"ct-section-inner-wrap\"><div id=\"div_block-91-19\" class=\"ct-div-block container-title\" ><h1 id=\"headline-88-19\" class=\"ct-headline\">SONGS \/&nbsp;<\/h1><h2 id=\"headline-94-19\" class=\"ct-headline\">RELEASES<\/h2><\/div><div id=\"div_block-126-19\" class=\"ct-div-block container-title\" ><div id=\"text_block-146-19\" class=\"ct-text-block\" >LISTEN NOW<\/div><\/div><div id=\"new_columns-130-19\" class=\"ct-new-columns\" ><div id=\"div_block-131-19\" class=\"ct-div-block\" ><div id=\"div_block-132-19\" class=\"ct-div-block container-music\" ><a id=\"link-133-19\" class=\"ct-link link-cover-music\" href=\"https:\/\/SML.lnk.to\/1mas1\" target=\"_blank\"  ><img decoding=\"async\"  id=\"image-134-19\" alt=\"\" src=\"https:\/\/maluma.online\/wp-content\/uploads\/2026\/01\/Cover-11-final-scaled.jpg\" class=\"ct-image image-music\" srcset-disabled=\"https:\/\/maluma.online\/wp-content\/uploads\/2026\/01\/Cover-11-final-scaled.jpg 2560w, https:\/\/maluma.online\/wp-content\/uploads\/2026\/01\/Cover-11-final-1280x1280.jpg 1280w, https:\/\/maluma.online\/wp-content\/uploads\/2026\/01\/Cover-11-final-1920x1920.jpg 1920w, https:\/\/maluma.online\/wp-content\/uploads\/2026\/01\/Cover-11-final-200x200.jpg 200w, https:\/\/maluma.online\/wp-content\/uploads\/2026\/01\/Cover-11-final-1536x1536.jpg 1536w, https:\/\/maluma.online\/wp-content\/uploads\/2026\/01\/Cover-11-final-2048x2048.jpg 2048w, https:\/\/maluma.online\/wp-content\/uploads\/2026\/01\/Cover-11-final-12x12.jpg 12w\" sizes=\"(max-width: 2560px) 100vw, 2560px\" \/><\/a><a id=\"link_text-135-19\" class=\"ct-link-text link-music\" href=\"http:\/\/\" target=\"_self\"  >1+1<\/a><\/div><\/div><div id=\"div_block-136-19\" class=\"ct-div-block\" ><div id=\"div_block-137-19\" class=\"ct-div-block container-music\" ><a id=\"link-138-19\" class=\"ct-link link-cover-music\" href=\"https:\/\/songwhip.com\/maluma\/botero\" target=\"_blank\"  ><img decoding=\"async\"  id=\"image-139-19\" alt=\"\" src=\"https:\/\/maluma.online\/wp-content\/uploads\/2026\/03\/Cover-Botero-FINAL-scaled.jpg\" class=\"ct-image image-music\" srcset-disabled=\"https:\/\/maluma.online\/wp-content\/uploads\/2026\/03\/Cover-Botero-FINAL-scaled.jpg 2560w, https:\/\/maluma.online\/wp-content\/uploads\/2026\/03\/Cover-Botero-FINAL-1280x1280.jpg 1280w, https:\/\/maluma.online\/wp-content\/uploads\/2026\/03\/Cover-Botero-FINAL-1920x1920.jpg 1920w, https:\/\/maluma.online\/wp-content\/uploads\/2026\/03\/Cover-Botero-FINAL-200x200.jpg 200w, https:\/\/maluma.online\/wp-content\/uploads\/2026\/03\/Cover-Botero-FINAL-1536x1536.jpg 1536w, https:\/\/maluma.online\/wp-content\/uploads\/2026\/03\/Cover-Botero-FINAL-2048x2048.jpg 2048w, https:\/\/maluma.online\/wp-content\/uploads\/2026\/03\/Cover-Botero-FINAL-12x12.jpg 12w\" sizes=\"(max-width: 2560px) 100vw, 2560px\" \/><\/a><a id=\"link_text-140-19\" class=\"ct-link-text link-music\" href=\"http:\/\/\" target=\"_self\"  >BOTERO<\/a><\/div><\/div><div id=\"div_block-141-19\" class=\"ct-div-block\" ><div id=\"div_block-142-19\" class=\"ct-div-block container-music\" ><a id=\"link-143-19\" class=\"ct-link link-cover-music\" href=\"https:\/\/maluma.sng.to\/yeisonjimenez\" target=\"_blank\"  ><img decoding=\"async\"  id=\"image-144-19\" alt=\"\" src=\"https:\/\/maluma.online\/wp-content\/uploads\/2026\/02\/Cover-Con-el-Corazon-1-scaled.jpg\" class=\"ct-image image-music\" srcset-disabled=\"https:\/\/maluma.online\/wp-content\/uploads\/2026\/02\/Cover-Con-el-Corazon-1-scaled.jpg 2560w, https:\/\/maluma.online\/wp-content\/uploads\/2026\/02\/Cover-Con-el-Corazon-1-1280x1280.jpg 1280w, https:\/\/maluma.online\/wp-content\/uploads\/2026\/02\/Cover-Con-el-Corazon-1-1920x1920.jpg 1920w, https:\/\/maluma.online\/wp-content\/uploads\/2026\/02\/Cover-Con-el-Corazon-1-200x200.jpg 200w, https:\/\/maluma.online\/wp-content\/uploads\/2026\/02\/Cover-Con-el-Corazon-1-1536x1536.jpg 1536w, https:\/\/maluma.online\/wp-content\/uploads\/2026\/02\/Cover-Con-el-Corazon-1-2048x2048.jpg 2048w, https:\/\/maluma.online\/wp-content\/uploads\/2026\/02\/Cover-Con-el-Corazon-1-12x12.jpg 12w\" sizes=\"(max-width: 2560px) 100vw, 2560px\" \/><\/a><a id=\"link_text-145-19\" class=\"ct-link-text link-music\" href=\"https:\/\/maluma.sng.to\/yeisonjimenez\" target=\"_self\"  >CON EL CORAZ\u00d3N<\/a><\/div><\/div><\/div><div id=\"div_block-123-19\" class=\"ct-div-block container-title\" ><h1 id=\"headline-124-19\" class=\"ct-headline\">ALBUM \/&nbsp;<\/h1><h2 id=\"headline-125-19\" class=\"ct-headline\">RELEASES<\/h2><\/div><div id=\"div_block-101-19\" class=\"ct-div-block container-title\" ><div id=\"text_block-148-19\" class=\"ct-text-block\" >LISTEN NOW<\/div><\/div><div id=\"new_columns-3-19\" class=\"ct-new-columns\" ><div id=\"div_block-4-19\" class=\"ct-div-block\" ><div id=\"div_block-20-19\" class=\"ct-div-block container-music\" ><a id=\"link-65-19\" class=\"ct-link link-cover-music\" href=\"https:\/\/SML.lnk.to\/1OF1\" target=\"_blank\"  ><img decoding=\"async\"  id=\"image-7-19\" alt=\"Maluma - Cover 1 of 1\" src=\"https:\/\/maluma.online\/wp-content\/uploads\/2024\/11\/Cover-1-of-1.jpg\" class=\"ct-image image-music\" srcset-disabled=\"https:\/\/maluma.online\/wp-content\/uploads\/2024\/11\/Cover-1-of-1.jpg 800w, https:\/\/maluma.online\/wp-content\/uploads\/2024\/11\/Cover-1-of-1-200x200.jpg 200w\" sizes=\"(max-width: 800px) 100vw, 800px\" \/><\/a><a id=\"link_text-24-19\" class=\"ct-link-text link-music\" href=\"http:\/\/\" target=\"_self\"  >1 OF 1<\/a><\/div><\/div><div id=\"div_block-5-19\" class=\"ct-div-block\" ><div id=\"div_block-32-19\" class=\"ct-div-block container-music\" ><a id=\"link-66-19\" class=\"ct-link link-cover-music\" href=\"https:\/\/maluma.lnk.to\/DonJuan#\" target=\"_blank\"  ><img decoding=\"async\"  id=\"image-33-19\" alt=\"Maluma - Cover Don Juan\" src=\"https:\/\/maluma.online\/wp-content\/uploads\/2024\/11\/Don-Juan.jpg\" class=\"ct-image image-music\" srcset-disabled=\"https:\/\/maluma.online\/wp-content\/uploads\/2024\/11\/Don-Juan.jpg 800w, https:\/\/maluma.online\/wp-content\/uploads\/2024\/11\/Don-Juan-200x200.jpg 200w\" sizes=\"(max-width: 800px) 100vw, 800px\" \/><\/a><a id=\"link_text-34-19\" class=\"ct-link-text link-music\" href=\"http:\/\/\" target=\"_self\"  >DON JUAN<\/a><\/div><\/div><div id=\"div_block-6-19\" class=\"ct-div-block\" ><div id=\"div_block-36-19\" class=\"ct-div-block container-music\" ><a id=\"link-67-19\" class=\"ct-link link-cover-music\" href=\"https:\/\/papijuanchoalbum.lnk.to\/album\" target=\"_blank\"  ><img decoding=\"async\"  id=\"image-37-19\" alt=\"Maluma - Cover Papi Juancho\" src=\"https:\/\/maluma.online\/wp-content\/uploads\/2024\/11\/Papi-Juancho.jpg\" class=\"ct-image image-music\" srcset-disabled=\"https:\/\/maluma.online\/wp-content\/uploads\/2024\/11\/Papi-Juancho.jpg 800w, https:\/\/maluma.online\/wp-content\/uploads\/2024\/11\/Papi-Juancho-200x200.jpg 200w\" sizes=\"(max-width: 800px) 100vw, 800px\" \/><\/a><a id=\"link_text-38-19\" class=\"ct-link-text link-music\" href=\"http:\/\/\" target=\"_self\"  >PAPI JUANCHO<\/a><\/div><\/div><\/div><div id=\"new_columns-39-19\" class=\"ct-new-columns\" ><div id=\"div_block-40-19\" class=\"ct-div-block\" ><div id=\"div_block-41-19\" class=\"ct-div-block container-music\" ><a id=\"link-68-19\" class=\"ct-link link-cover-music\" href=\"https:\/\/Maluma.lnk.to\/TheLoveAndSexTape\" target=\"_blank\"  ><img decoding=\"async\"  id=\"image-42-19\" alt=\"Maluma - Cover Deluxe Edition\" src=\"https:\/\/maluma.online\/wp-content\/uploads\/2024\/11\/Deluxe-edition.jpg\" class=\"ct-image image-music\" srcset-disabled=\"https:\/\/maluma.online\/wp-content\/uploads\/2024\/11\/Deluxe-edition.jpg 800w, https:\/\/maluma.online\/wp-content\/uploads\/2024\/11\/Deluxe-edition-200x200.jpg 200w\" sizes=\"(max-width: 800px) 100vw, 800px\" \/><\/a><a id=\"link_text-43-19\" class=\"ct-link-text link-music\" href=\"http:\/\/\" target=\"_self\"  >DELUXE EDITION<\/a><\/div><\/div><div id=\"div_block-44-19\" class=\"ct-div-block\" ><div id=\"div_block-45-19\" class=\"ct-div-block container-music\" ><a id=\"link-82-19\" class=\"ct-link link-cover-music\" href=\"https:\/\/famemaluma.lnk.to\/album\" target=\"_blank\"  ><img decoding=\"async\"  id=\"image-46-19\" alt=\"Maluma - Cover FAME\" src=\"https:\/\/maluma.online\/wp-content\/uploads\/2024\/11\/FAME.jpg\" class=\"ct-image image-music\" srcset-disabled=\"https:\/\/maluma.online\/wp-content\/uploads\/2024\/11\/FAME.jpg 800w, https:\/\/maluma.online\/wp-content\/uploads\/2024\/11\/FAME-200x200.jpg 200w\" sizes=\"(max-width: 800px) 100vw, 800px\" \/><\/a><a id=\"link_text-47-19\" class=\"ct-link-text link-music\" href=\"http:\/\/\" target=\"_self\"  >F.A.M.E.<\/a><\/div><\/div><div id=\"div_block-48-19\" class=\"ct-div-block\" ><div id=\"div_block-49-19\" class=\"ct-div-block container-music\" ><a id=\"link-83-19\" class=\"ct-link link-cover-music\" href=\"https:\/\/smarturl.it\/7DiasEnJamaica\" target=\"_blank\"  ><img decoding=\"async\"  id=\"image-50-19\" alt=\"Maluma - Cover 7dj\" src=\"https:\/\/maluma.online\/wp-content\/uploads\/2024\/11\/7dj.jpg\" class=\"ct-image image-music\" srcset-disabled=\"https:\/\/maluma.online\/wp-content\/uploads\/2024\/11\/7dj.jpg 800w, https:\/\/maluma.online\/wp-content\/uploads\/2024\/11\/7dj-200x200.jpg 200w\" sizes=\"(max-width: 800px) 100vw, 800px\" \/><\/a><a id=\"link_text-51-19\" class=\"ct-link-text link-music\" href=\"http:\/\/\" target=\"_self\"  >7DJ<\/a><\/div><\/div><\/div><div id=\"new_columns-52-19\" class=\"ct-new-columns\" ><div id=\"div_block-53-19\" class=\"ct-div-block\" ><div id=\"div_block-54-19\" class=\"ct-div-block container-music\" ><a id=\"link-84-19\" class=\"ct-link link-cover-music\" href=\"https:\/\/smarturl.it\/PaTiLonely\" target=\"_blank\"  ><img decoding=\"async\"  id=\"image-55-19\" alt=\"Maluma - Cover Marry me\" src=\"https:\/\/maluma.online\/wp-content\/uploads\/2024\/11\/marry-me.jpg\" class=\"ct-image image-music\" srcset-disabled=\"https:\/\/maluma.online\/wp-content\/uploads\/2024\/11\/marry-me.jpg 800w, https:\/\/maluma.online\/wp-content\/uploads\/2024\/11\/marry-me-200x200.jpg 200w\" sizes=\"(max-width: 800px) 100vw, 800px\" \/><\/a><a id=\"link_text-56-19\" class=\"ct-link-text link-music\" href=\"http:\/\/\" target=\"_self\"  >MARRY ME<\/a><\/div><\/div><div id=\"div_block-57-19\" class=\"ct-div-block\" ><div id=\"div_block-58-19\" class=\"ct-div-block container-music\" ><a id=\"link-87-19\" class=\"ct-link link-cover-music\" href=\"https:\/\/smarturl.it\/PBDB\" target=\"_blank\"  ><img decoding=\"async\"  id=\"image-59-19\" alt=\"Maluma - Cover Pretty boy Dirty boy\" src=\"https:\/\/maluma.online\/wp-content\/uploads\/2024\/11\/pretty-boy-dirty-boy.jpg\" class=\"ct-image image-music\" srcset-disabled=\"https:\/\/maluma.online\/wp-content\/uploads\/2024\/11\/pretty-boy-dirty-boy.jpg 800w, https:\/\/maluma.online\/wp-content\/uploads\/2024\/11\/pretty-boy-dirty-boy-200x200.jpg 200w\" sizes=\"(max-width: 800px) 100vw, 800px\" \/><\/a><a id=\"link_text-60-19\" class=\"ct-link-text link-music\" href=\"http:\/\/\" target=\"_self\"  >PRETTY BOY, DIRTY BOY<\/a><\/div><\/div><div id=\"div_block-61-19\" class=\"ct-div-block\" ><div id=\"div_block-62-19\" class=\"ct-div-block container-music\" ><a id=\"link-85-19\" class=\"ct-link link-cover-music\" href=\"https:\/\/PBDBmaluma.lnk.to\/album\" target=\"_blank\"  ><img decoding=\"async\"  id=\"image-63-19\" alt=\"Maluma - Cover PBDB mixtape\" src=\"https:\/\/maluma.online\/wp-content\/uploads\/2024\/11\/pbpd-mixtape.jpg\" class=\"ct-image image-music\" srcset-disabled=\"https:\/\/maluma.online\/wp-content\/uploads\/2024\/11\/pbpd-mixtape.jpg 800w, https:\/\/maluma.online\/wp-content\/uploads\/2024\/11\/pbpd-mixtape-200x200.jpg 200w\" sizes=\"(max-width: 800px) 100vw, 800px\" \/><\/a><a id=\"link_text-64-19\" class=\"ct-link-text link-music\" href=\"http:\/\/\" target=\"_self\"  >PB.DB THE MIXTAPE<\/a><\/div><\/div><\/div><div id=\"new_columns-69-19\" class=\"ct-new-columns\" ><div id=\"div_block-70-19\" class=\"ct-div-block\" ><div id=\"div_block-71-19\" class=\"ct-div-block container-music\" ><a id=\"link-86-19\" class=\"ct-link link-cover-music\" href=\"https:\/\/magiamaluma.lnk.to\/album\" target=\"_blank\"  ><img decoding=\"async\"  id=\"image-72-19\" alt=\"Maluma - Cover Magia\" src=\"https:\/\/maluma.online\/wp-content\/uploads\/2024\/11\/Magia.jpg\" class=\"ct-image image-music\" srcset-disabled=\"https:\/\/maluma.online\/wp-content\/uploads\/2024\/11\/Magia.jpg 800w, https:\/\/maluma.online\/wp-content\/uploads\/2024\/11\/Magia-200x200.jpg 200w\" sizes=\"(max-width: 800px) 100vw, 800px\" \/><\/a><a id=\"link_text-73-19\" class=\"ct-link-text link-music\" href=\"http:\/\/\" target=\"_self\"  >MAGIA<\/a><\/div><\/div><div id=\"div_block-74-19\" class=\"ct-div-block\" ><\/div><div id=\"div_block-78-19\" class=\"ct-div-block\" ><\/div><\/div><\/div><\/section>","protected":false},"excerpt":{"rendered":"","protected":false},"author":1,"featured_media":0,"parent":0,"menu_order":0,"comment_status":"closed","ping_status":"closed","template":"","meta":{"inline_featured_image":false,"footnotes":""},"class_list":["post-19","page","type-page","status-publish","hentry"],"yoast_head":"<!-- This site is optimized with the Yoast SEO plugin v26.8 - https:\/\/yoast.com\/product\/yoast-seo-wordpress\/ -->\n<title>M\u00fasica - Sitio oficial de Maluma + PRETTY + DIRTY World Tour<\/title>\n<meta name=\"description\" content=\"Explora la discograf\u00eda completa de Maluma, incluyendo sus \u00faltimos sencillos y \u00e1lbumes. Escucha su m\u00fasica ic\u00f3nica ahora.\" \/>\n<meta name=\"robots\" content=\"index, follow, max-snippet:-1, max-image-preview:large, max-video-preview:-1\" \/>\n<link rel=\"canonical\" href=\"https:\/\/maluma.online\/en\/musica\/\" \/>\n<meta property=\"og:locale\" content=\"en_US\" \/>\n<meta property=\"og:type\" content=\"article\" \/>\n<meta property=\"og:title\" content=\"M\u00fasica - Sitio oficial de Maluma + PRETTY + DIRTY World Tour\" \/>\n<meta property=\"og:description\" content=\"Explora la discograf\u00eda completa de Maluma, incluyendo sus \u00faltimos sencillos y \u00e1lbumes. Escucha su m\u00fasica ic\u00f3nica ahora.\" \/>\n<meta property=\"og:url\" content=\"https:\/\/maluma.online\/en\/musica\/\" \/>\n<meta property=\"og:site_name\" content=\"Sitio oficial de Maluma + PRETTY + DIRTY World Tour\" \/>\n<meta property=\"article:modified_time\" content=\"2024-12-18T16:57:05+00:00\" \/>\n<meta name=\"twitter:card\" content=\"summary_large_image\" \/>\n<meta name=\"twitter:label1\" content=\"Est. reading time\" \/>\n\t<meta name=\"twitter:data1\" content=\"3 minutes\" \/>\n<script type=\"application\/ld+json\" class=\"yoast-schema-graph\">{\"@context\":\"https:\/\/schema.org\",\"@graph\":[{\"@type\":\"WebPage\",\"@id\":\"https:\/\/maluma.online\/musica\/\",\"url\":\"https:\/\/maluma.online\/musica\/\",\"name\":\"M\u00fasica - Sitio oficial de Maluma + PRETTY + DIRTY World Tour\",\"isPartOf\":{\"@id\":\"https:\/\/maluma.online\/en\/#website\"},\"datePublished\":\"2024-11-15T03:24:54+00:00\",\"dateModified\":\"2024-12-18T16:57:05+00:00\",\"description\":\"Explora la discograf\u00eda completa de Maluma, incluyendo sus \u00faltimos sencillos y \u00e1lbumes. Escucha su m\u00fasica ic\u00f3nica ahora.\",\"breadcrumb\":{\"@id\":\"https:\/\/maluma.online\/musica\/#breadcrumb\"},\"inLanguage\":\"en-US\",\"potentialAction\":[{\"@type\":\"ReadAction\",\"target\":[\"https:\/\/maluma.online\/musica\/\"]}]},{\"@type\":\"BreadcrumbList\",\"@id\":\"https:\/\/maluma.online\/musica\/#breadcrumb\",\"itemListElement\":[{\"@type\":\"ListItem\",\"position\":1,\"name\":\"Home\",\"item\":\"https:\/\/maluma.online\/\"},{\"@type\":\"ListItem\",\"position\":2,\"name\":\"M\u00fasica\"}]},{\"@type\":\"WebSite\",\"@id\":\"https:\/\/maluma.online\/en\/#website\",\"url\":\"https:\/\/maluma.online\/en\/\",\"name\":\"Sitio oficial de Maluma + PRETTY + DIRTY World Tour\",\"description\":\"Ingresa ahora y conoce todo lo nuevo de Maluma adem\u00e1s encuentra toda la informaci\u00f3n, M\u00fasica, eventos, merchandising, vive una experiencia VIP con Papi Juancho\",\"potentialAction\":[{\"@type\":\"SearchAction\",\"target\":{\"@type\":\"EntryPoint\",\"urlTemplate\":\"https:\/\/maluma.online\/en\/?s={search_term_string}\"},\"query-input\":{\"@type\":\"PropertyValueSpecification\",\"valueRequired\":true,\"valueName\":\"search_term_string\"}}],\"inLanguage\":\"en-US\"}]}<\/script>\n<!-- \/ Yoast SEO plugin. -->","yoast_head_json":{"title":"M\u00fasica - Sitio oficial de Maluma + PRETTY + DIRTY World Tour","description":"Explora la discograf\u00eda completa de Maluma, incluyendo sus \u00faltimos sencillos y \u00e1lbumes. Escucha su m\u00fasica ic\u00f3nica ahora.","robots":{"index":"index","follow":"follow","max-snippet":"max-snippet:-1","max-image-preview":"max-image-preview:large","max-video-preview":"max-video-preview:-1"},"canonical":"https:\/\/maluma.online\/en\/musica\/","og_locale":"en_US","og_type":"article","og_title":"M\u00fasica - Sitio oficial de Maluma + PRETTY + DIRTY World Tour","og_description":"Explora la discograf\u00eda completa de Maluma, incluyendo sus \u00faltimos sencillos y \u00e1lbumes. Escucha su m\u00fasica ic\u00f3nica ahora.","og_url":"https:\/\/maluma.online\/en\/musica\/","og_site_name":"Sitio oficial de Maluma + PRETTY + DIRTY World Tour","article_modified_time":"2024-12-18T16:57:05+00:00","twitter_card":"summary_large_image","twitter_misc":{"Est. reading time":"3 minutes"},"schema":{"@context":"https:\/\/schema.org","@graph":[{"@type":"WebPage","@id":"https:\/\/maluma.online\/musica\/","url":"https:\/\/maluma.online\/musica\/","name":"M\u00fasica - Sitio oficial de Maluma + PRETTY + DIRTY World Tour","isPartOf":{"@id":"https:\/\/maluma.online\/en\/#website"},"datePublished":"2024-11-15T03:24:54+00:00","dateModified":"2024-12-18T16:57:05+00:00","description":"Explora la discograf\u00eda completa de Maluma, incluyendo sus \u00faltimos sencillos y \u00e1lbumes. Escucha su m\u00fasica ic\u00f3nica ahora.","breadcrumb":{"@id":"https:\/\/maluma.online\/musica\/#breadcrumb"},"inLanguage":"en-US","potentialAction":[{"@type":"ReadAction","target":["https:\/\/maluma.online\/musica\/"]}]},{"@type":"BreadcrumbList","@id":"https:\/\/maluma.online\/musica\/#breadcrumb","itemListElement":[{"@type":"ListItem","position":1,"name":"Home","item":"https:\/\/maluma.online\/"},{"@type":"ListItem","position":2,"name":"M\u00fasica"}]},{"@type":"WebSite","@id":"https:\/\/maluma.online\/en\/#website","url":"https:\/\/maluma.online\/en\/","name":"Sitio oficial de Maluma + PRETTY + DIRTY World Tour","description":"Ingresa ahora y conoce todo lo nuevo de Maluma adem\u00e1s encuentra toda la informaci\u00f3n, M\u00fasica, eventos, merchandising, vive una experiencia VIP con Papi Juancho","potentialAction":[{"@type":"SearchAction","target":{"@type":"EntryPoint","urlTemplate":"https:\/\/maluma.online\/en\/?s={search_term_string}"},"query-input":{"@type":"PropertyValueSpecification","valueRequired":true,"valueName":"search_term_string"}}],"inLanguage":"en-US"}]}},"_links":{"self":[{"href":"https:\/\/maluma.online\/en\/wp-json\/wp\/v2\/pages\/19","targetHints":{"allow":["GET"]}}],"collection":[{"href":"https:\/\/maluma.online\/en\/wp-json\/wp\/v2\/pages"}],"about":[{"href":"https:\/\/maluma.online\/en\/wp-json\/wp\/v2\/types\/page"}],"author":[{"embeddable":true,"href":"https:\/\/maluma.online\/en\/wp-json\/wp\/v2\/users\/1"}],"replies":[{"embeddable":true,"href":"https:\/\/maluma.online\/en\/wp-json\/wp\/v2\/comments?post=19"}],"version-history":[{"count":0,"href":"https:\/\/maluma.online\/en\/wp-json\/wp\/v2\/pages\/19\/revisions"}],"wp:attachment":[{"href":"https:\/\/maluma.online\/en\/wp-json\/wp\/v2\/media?parent=19"}],"curies":[{"name":"wp","href":"https:\/\/api.w.org\/{rel}","templated":true}]}}