{"id":12,"date":"2024-11-15T02:33:42","date_gmt":"2024-11-15T02:33:42","guid":{"rendered":"https:\/\/maluma.online\/?page_id=12"},"modified":"2026-04-28T15:49:01","modified_gmt":"2026-04-28T15:49:01","slug":"inicio","status":"publish","type":"page","link":"https:\/\/maluma.online\/en\/","title":{"rendered":"Home"},"content":{"rendered":"<div id=\"div_block-6-12\" class=\"ct-div-block alert-message\"  data-aos=\"fade-down\" data-aos-duration=\"800\" data-aos-offset=\"0\" data-aos-delay=\"2000\" data-aos-once=\"true\"><div id=\"link-19-12\" class=\"ct-div-block\" ><div id=\"link-21-12\" class=\"ct-div-block\" ><div id=\"_rich_text-7-12\" class=\"oxy-rich-text alert-text\" ><p>MALUMA +PRETTY +DIRTY\u00a0 \u00a0 |\u00a0 \u00a0WORLD TOUR 2025\u00a0 \u00a0 \u2014\u00a0 \u00a0 Entradas disponibles \u00a0 |\u00a0 \u00a0 <a href=\"https:\/\/maluma.online\/tour\">Ir a Tour para m\u00e1s detalles.<\/a>\u00a0 \u00a0 \u00a0 \u00a0 \u00a0 \u00a0 \u00a0 \u00a0 \u00a0 MALUMA +PRETTY +DIRTY\u00a0 \u00a0 |\u00a0 \u00a0WORLD TOUR 2025\u00a0 \u00a0 \u2014\u00a0 \u00a0 Entradas disponibles \u00a0 |\u00a0 \u00a0 <a href=\"https:\/\/maluma.online\/tour\">Ir a Tour para m\u00e1s detalles.<\/a>\u00a0 \u00a0 \u00a0 \u00a0 \u00a0 \u00a0 \u00a0 \u00a0 \u00a0 MALUMA +PRETTY +DIRTY\u00a0 \u00a0 |\u00a0 \u00a0WORLD TOUR 2025\u00a0 \u00a0 \u2014\u00a0 \u00a0 Entradas disponibles \u00a0 |\u00a0 \u00a0 <a href=\"https:\/\/maluma.online\/tour\">Ir a Tour para m\u00e1s detalles.<\/a>\u00a0 \u00a0 \u00a0 \u00a0 \u00a0 \u00a0 \u00a0 \u00a0 \u00a0 MALUMA +PRETTY +DIRTY\u00a0 \u00a0 |\u00a0 \u00a0WORLD TOUR 2025\u00a0 \u00a0 \u2014\u00a0 \u00a0 Entradas disponibles \u00a0 |\u00a0 \u00a0 <a href=\"https:\/\/maluma.online\/tour\">Ir a Tour para m\u00e1s detalles.<\/a>\u00a0 \u00a0 \u00a0 \u00a0 \u00a0 \u00a0 \u00a0 \u00a0 \u00a0 MALUMA +PRETTY +DIRTY\u00a0 \u00a0 |\u00a0 \u00a0WORLD TOUR 2025\u00a0 \u00a0 \u2014\u00a0 \u00a0 Entradas disponibles \u00a0 |\u00a0 \u00a0 <a href=\"https:\/\/maluma.online\/tour\">Ir a Tour para m\u00e1s detalles.<\/a>\u00a0 \u00a0 \u00a0 \u00a0 \u00a0 \u00a0 \u00a0 \u00a0 \u00a0 MALUMA +PRETTY +DIRTY\u00a0 \u00a0 |\u00a0 \u00a0WORLD TOUR 2025\u00a0 \u00a0 \u2014\u00a0 \u00a0 Entradas disponibles \u00a0 |\u00a0 \u00a0 <a href=\"https:\/\/maluma.online\/tour\">Ir a Tour para m\u00e1s detalles.<\/a>\u00a0 \u00a0 \u00a0 \u00a0 \u00a0 \u00a0 \u00a0 \u00a0 \u00a0 MALUMA +PRETTY +DIRTY\u00a0 \u00a0 |\u00a0 \u00a0WORLD TOUR 2025\u00a0 \u00a0 \u2014\u00a0 \u00a0 Entradas disponibles \u00a0 |\u00a0 \u00a0 <a href=\"https:\/\/maluma.online\/tour\">Ir a Tour para m\u00e1s detalles.<\/a>\u00a0 \u00a0 \u00a0 \u00a0 \u00a0 \u00a0 \u00a0 \u00a0 \u00a0 MALUMA +PRETTY +DIRTY\u00a0 \u00a0 |\u00a0 \u00a0WORLD TOUR 2025\u00a0 \u00a0 \u2014\u00a0 \u00a0 Entradas disponibles \u00a0 |\u00a0 \u00a0 <a href=\"https:\/\/maluma.online\/tour\">Ir a Tour para m\u00e1s detalles.<\/a>\u00a0 \u00a0 \u00a0 \u00a0 \u00a0 \u00a0 \u00a0 \u00a0 \u00a0 MALUMA +PRETTY +DIRTY\u00a0 \u00a0 |\u00a0 \u00a0WORLD TOUR 2025\u00a0 \u00a0 \u2014\u00a0 \u00a0 Entradas disponibles \u00a0 |\u00a0 \u00a0 <a href=\"https:\/\/maluma.online\/tour\">Ir a Tour para m\u00e1s detalles.<\/a>\u00a0 \u00a0 \u00a0 \u00a0 \u00a0 \u00a0 \u00a0 \u00a0 \u00a0 MALUMA +PRETTY +DIRTY\u00a0 \u00a0 |\u00a0 \u00a0WORLD TOUR 2025\u00a0 \u00a0 \u2014\u00a0 \u00a0 Entradas disponibles \u00a0 |\u00a0 \u00a0 <a href=\"https:\/\/maluma.online\/tour\">Ir a Tour para m\u00e1s detalles.<\/a>\u00a0 \u00a0 \u00a0 \u00a0 \u00a0 \u00a0 \u00a0 \u00a0 \u00a0 MALUMA +PRETTY +DIRTY\u00a0 \u00a0 |\u00a0 \u00a0WORLD TOUR 2025\u00a0 \u00a0 \u2014\u00a0 \u00a0 Entradas disponibles \u00a0 |\u00a0 \u00a0 <a href=\"https:\/\/maluma.online\/tour\">Ir a Tour para m\u00e1s detalles.<\/a>\u00a0 \u00a0 \u00a0 \u00a0 \u00a0 \u00a0 \u00a0 \u00a0 \u00a0 MALUMA +PRETTY +DIRTY\u00a0 \u00a0 |\u00a0 \u00a0WORLD TOUR 2025\u00a0 \u00a0 \u2014\u00a0 \u00a0 Entradas disponibles \u00a0 |\u00a0 \u00a0 <a href=\"https:\/\/maluma.online\/tour\">Ir a Tour para m\u00e1s detalles.<\/a>\u00a0 \u00a0 \u00a0 \u00a0 \u00a0 \u00a0 \u00a0 \u00a0 \u00a0 MALUMA +PRETTY +DIRTY\u00a0 \u00a0 |\u00a0 \u00a0WORLD TOUR 2025\u00a0 \u00a0 \u2014\u00a0 \u00a0 Entradas disponibles \u00a0 |\u00a0 \u00a0 <a href=\"https:\/\/maluma.online\/tour\">Ir a Tour para m\u00e1s detalles.<\/a>\u00a0 \u00a0 \u00a0 \u00a0 \u00a0 \u00a0 \u00a0 \u00a0 \u00a0 MALUMA +PRETTY +DIRTY\u00a0 \u00a0 |\u00a0 \u00a0WORLD TOUR 2025\u00a0 \u00a0 \u2014\u00a0 \u00a0 Entradas disponibles \u00a0 |\u00a0 \u00a0 <a href=\"https:\/\/maluma.online\/tour\">Ir a Tour para m\u00e1s detalles.<\/a>\u00a0 \u00a0 \u00a0 \u00a0 \u00a0 \u00a0 \u00a0 \u00a0 \u00a0 MALUMA +PRETTY +DIRTY\u00a0 \u00a0 |\u00a0 \u00a0WORLD TOUR 2025\u00a0 \u00a0 \u2014\u00a0 \u00a0 Entradas disponibles \u00a0 |\u00a0 \u00a0 <a href=\"https:\/\/maluma.online\/tour\">Ir a Tour para m\u00e1s detalles.<\/a>\u00a0 \u00a0 \u00a0 \u00a0 \u00a0 \u00a0 \u00a0 \u00a0 \u00a0\u00a0<\/p><\/div><\/div><\/div><div id=\"code_block-8-12\" class=\"ct-code-block\" ><\/div><\/div><section id=\"section-16-12\" class=\" ct-section\" ><div class=\"ct-section-inner-wrap\"><img decoding=\"async\"  id=\"image-17-12\" alt=\"\" src=\"https:\/\/maluma.online\/wp-content\/uploads\/2026\/04\/Imagen_Web-1.jpg\" class=\"ct-image\" srcset-disabled=\"https:\/\/maluma.online\/wp-content\/uploads\/2026\/04\/Imagen_Web-1.jpg 1920w, https:\/\/maluma.online\/wp-content\/uploads\/2026\/04\/Imagen_Web-1-1280x720.jpg 1280w, https:\/\/maluma.online\/wp-content\/uploads\/2026\/04\/Imagen_Web-1-1536x864.jpg 1536w, https:\/\/maluma.online\/wp-content\/uploads\/2026\/04\/Imagen_Web-1-18x10.jpg 18w\" sizes=\"(max-width: 1920px) 100vw, 1920px\"  data-aos=\"zoom-out\" data-aos-duration=\"2450\" data-aos-offset=\"0\" data-aos-once=\"true\"\/><img decoding=\"async\"  id=\"image-18-12\" alt=\"\" src=\"https:\/\/maluma.online\/wp-content\/uploads\/2026\/04\/Imagen_Movil-1.jpg\" class=\"ct-image\" srcset-disabled=\"https:\/\/maluma.online\/wp-content\/uploads\/2026\/04\/Imagen_Movil-1.jpg 1068w, https:\/\/maluma.online\/wp-content\/uploads\/2026\/04\/Imagen_Movil-1-1065x1280.jpg 1065w, https:\/\/maluma.online\/wp-content\/uploads\/2026\/04\/Imagen_Movil-1-10x12.jpg 10w\" sizes=\"(max-width: 1068px) 100vw, 1068px\"  data-aos=\"zoom-out\" data-aos-duration=\"2450\" data-aos-offset=\"0\" data-aos-once=\"true\"\/><\/div><\/section>\n\t\t<div id=\"-tag-video-embed-13-12\" class=\"oxy-tag-video-embed \" >        <!-- Video tag with loop video -->\n        <div class=\"containerVideo\">\n          <video\n            id=\"oxygen-tag-video-embed\" src=\"https:\/\/player.vimeo.com\/progressive_redirect\/playback\/991660758\/rendition\/360p\/file.mp4?loc=external&signature=2f5a50937cd22e43e033e9ed36e952c5dab07d44e7f13a89befe3894827c59d0\" autoplay loop playsinline muted>\n          <\/video>\n          <div id=\"oxygen-tag-video-text\">\n            <a id=\"link-open-video\" href=\"https:\/\/www.youtube.com\/embed\/6vPhcRew8hA?si=l6BjKi46QIn2s0nP\">\n              <span>ver video<\/span>\n            <\/a>\n          <\/div>\n        <\/div>\n\n        <!-- Modal with full video -->\n        <div id=\"modal-video-pop-up\" tabindex=\"-1\" class=\"modal-video-pop-up oxy-modal-backdrop oxy-not-closable\">\n          <iframe\n            title=\"vimeo-player\"\n            src=\"https:\/\/www.youtube.com\/embed\/6vPhcRew8hA?si=l6BjKi46QIn2s0nP\"\n            frameborder=\"0\"\n            allow=\"accelerometer; autoplay; clipboard-write; encrypted-media; gyroscope; picture-in-picture; web-share\"\n            referrerpolicy=\"strict-origin-when-cross-origin\" \n            allowfullscreen\n          >\n          <\/iframe>\n          <a\n            id=\"close-main-video-popup\"\n            class=\"close-modal\"\n            href=\"#\"\n            target=\"_self\">x<\/a>\n        <\/div>\n\n        <!-- JS to open close modal -->\n        <script type=\"text\/javascript\">\n          \/\/ Initialize Oxygen Modals\n          jQuery(document).ready(function() {\n            jQuery(\"body\").on('click', '#link-open-video, #oxygen-tag-video-embed', function( event ) {\n              event.preventDefault();\n              event.stopPropagation();\n\n              jQuery('#modal-video-pop-up').addClass('live');\n              jQuery('#modal-video-pop-up').css('display', 'flex');\n            });\n            jQuery(\"body\").on('click', '#close-main-video-popup', function( event ) {\n              event.preventDefault();\n              event.stopPropagation();\n\n              let iframe_tag = jQuery(\".modal-video-pop-up.oxy-modal-backdrop.oxy-not-closable.live iframe\")[0];\n              let iframeSrc = iframe_tag.src;\n              iframe_tag.src = iframeSrc;\n\n              jQuery('#modal-video-pop-up').removeClass('live');\n              jQuery('#modal-video-pop-up').css('display', 'none');\n            });\n          });\n        <\/script>\n        <\/div>\n\n\t\t\n\n\n<p><\/p>\n","protected":false},"excerpt":{"rendered":"","protected":false},"author":1,"featured_media":0,"parent":0,"menu_order":0,"comment_status":"closed","ping_status":"closed","template":"","meta":{"inline_featured_image":false,"footnotes":""},"class_list":["post-12","page","type-page","status-publish","hentry"],"yoast_head":"<!-- This site is optimized with the Yoast SEO plugin v27.5 - https:\/\/yoast.com\/product\/yoast-seo-wordpress\/ -->\n<title>Inicio - Sitio oficial de Maluma \u2014 Loco x Volver<\/title>\n<meta name=\"description\" content=\"Bienvenido al sitio oficial de Maluma. Descubre todo sobre su m\u00fasica, noticias exclusivas y m\u00e1s. Vive la experiencia Maluma desde cualquier lugar.\" \/>\n<meta name=\"robots\" content=\"index, follow, max-snippet:-1, max-image-preview:large, max-video-preview:-1\" \/>\n<link rel=\"canonical\" href=\"https:\/\/maluma.online\/en\/\" \/>\n<meta property=\"og:locale\" content=\"en_US\" \/>\n<meta property=\"og:type\" content=\"article\" \/>\n<meta property=\"og:title\" content=\"Inicio - Sitio oficial de Maluma \u2014 Loco x Volver\" \/>\n<meta property=\"og:description\" content=\"Bienvenido al sitio oficial de Maluma. Descubre todo sobre su m\u00fasica, noticias exclusivas y m\u00e1s. Vive la experiencia Maluma desde cualquier lugar.\" \/>\n<meta property=\"og:url\" content=\"https:\/\/maluma.online\/en\/\" \/>\n<meta property=\"og:site_name\" content=\"Sitio oficial de Maluma \u2014 Loco x Volver\" \/>\n<meta property=\"article:publisher\" content=\"https:\/\/www.instagram.com\/maluma\/\" \/>\n<meta property=\"article:modified_time\" content=\"2026-04-28T15:49:01+00:00\" \/>\n<meta name=\"twitter:card\" content=\"summary_large_image\" \/>\n<meta name=\"twitter:site\" content=\"@maluma\" \/>\n<meta name=\"twitter:label1\" content=\"Est. reading time\" \/>\n\t<meta name=\"twitter:data1\" content=\"2 minutes\" \/>\n<script type=\"application\/ld+json\" class=\"yoast-schema-graph\">{\"@context\":\"https:\\\/\\\/schema.org\",\"@graph\":[{\"@type\":\"WebPage\",\"@id\":\"https:\\\/\\\/maluma.online\\\/\",\"url\":\"https:\\\/\\\/maluma.online\\\/\",\"name\":\"Inicio - Sitio oficial de Maluma \u2014 Loco x Volver\",\"isPartOf\":{\"@id\":\"https:\\\/\\\/maluma.online\\\/en\\\/#website\"},\"datePublished\":\"2024-11-15T02:33:42+00:00\",\"dateModified\":\"2026-04-28T15:49:01+00:00\",\"description\":\"Bienvenido al sitio oficial de Maluma. Descubre todo sobre su m\u00fasica, noticias exclusivas y m\u00e1s. Vive la experiencia Maluma desde cualquier lugar.\",\"breadcrumb\":{\"@id\":\"https:\\\/\\\/maluma.online\\\/#breadcrumb\"},\"inLanguage\":\"en-US\",\"potentialAction\":[{\"@type\":\"ReadAction\",\"target\":[\"https:\\\/\\\/maluma.online\\\/\"]}]},{\"@type\":\"BreadcrumbList\",\"@id\":\"https:\\\/\\\/maluma.online\\\/#breadcrumb\",\"itemListElement\":[{\"@type\":\"ListItem\",\"position\":1,\"name\":\"Home\",\"item\":\"https:\\\/\\\/maluma.online\\\/\"},{\"@type\":\"ListItem\",\"position\":2,\"name\":\"Inicio\"}]},{\"@type\":\"WebSite\",\"@id\":\"https:\\\/\\\/maluma.online\\\/en\\\/#website\",\"url\":\"https:\\\/\\\/maluma.online\\\/en\\\/\",\"name\":\"Sitio oficial de Maluma \u2014 Loco x Volver\",\"description\":\"Ingresa ahora y conoce todo lo nuevo de Maluma adem\u00e1s encuentra toda la informaci\u00f3n, M\u00fasica, eventos, merchandising, vive una experiencia VIP con Papi Juancho\",\"publisher\":{\"@id\":\"https:\\\/\\\/maluma.online\\\/en\\\/#organization\"},\"potentialAction\":[{\"@type\":\"SearchAction\",\"target\":{\"@type\":\"EntryPoint\",\"urlTemplate\":\"https:\\\/\\\/maluma.online\\\/en\\\/?s={search_term_string}\"},\"query-input\":{\"@type\":\"PropertyValueSpecification\",\"valueRequired\":true,\"valueName\":\"search_term_string\"}}],\"inLanguage\":\"en-US\"},{\"@type\":\"Organization\",\"@id\":\"https:\\\/\\\/maluma.online\\\/en\\\/#organization\",\"name\":\"Maluma\",\"url\":\"https:\\\/\\\/maluma.online\\\/en\\\/\",\"logo\":{\"@type\":\"ImageObject\",\"inLanguage\":\"en-US\",\"@id\":\"https:\\\/\\\/maluma.online\\\/en\\\/#\\\/schema\\\/logo\\\/image\\\/\",\"url\":\"https:\\\/\\\/maluma.online\\\/wp-content\\\/uploads\\\/2026\\\/04\\\/NuevoLogo-Maluma.jpg\",\"contentUrl\":\"https:\\\/\\\/maluma.online\\\/wp-content\\\/uploads\\\/2026\\\/04\\\/NuevoLogo-Maluma.jpg\",\"width\":435,\"height\":251,\"caption\":\"Maluma\"},\"image\":{\"@id\":\"https:\\\/\\\/maluma.online\\\/en\\\/#\\\/schema\\\/logo\\\/image\\\/\"},\"sameAs\":[\"https:\\\/\\\/www.instagram.com\\\/maluma\\\/\",\"https:\\\/\\\/x.com\\\/maluma\",\"https:\\\/\\\/www.youtube.com\\\/channel\\\/UClZuKq2m0Qu-HkopkSBLpEw\",\"https:\\\/\\\/music.apple.com\\\/cy\\\/artist\\\/maluma\\\/448916501\",\"https:\\\/\\\/open.spotify.com\\\/intl-es\\\/artist\\\/1r4hJ1h58CWwUQe3MxPuau\"]}]}<\/script>\n<!-- \/ Yoast SEO plugin. -->","yoast_head_json":{"title":"Inicio - Sitio oficial de Maluma \u2014 Loco x Volver","description":"Bienvenido al sitio oficial de Maluma. Descubre todo sobre su m\u00fasica, noticias exclusivas y m\u00e1s. Vive la experiencia Maluma desde cualquier lugar.","robots":{"index":"index","follow":"follow","max-snippet":"max-snippet:-1","max-image-preview":"max-image-preview:large","max-video-preview":"max-video-preview:-1"},"canonical":"https:\/\/maluma.online\/en\/","og_locale":"en_US","og_type":"article","og_title":"Inicio - Sitio oficial de Maluma \u2014 Loco x Volver","og_description":"Bienvenido al sitio oficial de Maluma. Descubre todo sobre su m\u00fasica, noticias exclusivas y m\u00e1s. Vive la experiencia Maluma desde cualquier lugar.","og_url":"https:\/\/maluma.online\/en\/","og_site_name":"Sitio oficial de Maluma \u2014 Loco x Volver","article_publisher":"https:\/\/www.instagram.com\/maluma\/","article_modified_time":"2026-04-28T15:49:01+00:00","twitter_card":"summary_large_image","twitter_site":"@maluma","twitter_misc":{"Est. reading time":"2 minutes"},"schema":{"@context":"https:\/\/schema.org","@graph":[{"@type":"WebPage","@id":"https:\/\/maluma.online\/","url":"https:\/\/maluma.online\/","name":"Inicio - Sitio oficial de Maluma \u2014 Loco x Volver","isPartOf":{"@id":"https:\/\/maluma.online\/en\/#website"},"datePublished":"2024-11-15T02:33:42+00:00","dateModified":"2026-04-28T15:49:01+00:00","description":"Bienvenido al sitio oficial de Maluma. Descubre todo sobre su m\u00fasica, noticias exclusivas y m\u00e1s. Vive la experiencia Maluma desde cualquier lugar.","breadcrumb":{"@id":"https:\/\/maluma.online\/#breadcrumb"},"inLanguage":"en-US","potentialAction":[{"@type":"ReadAction","target":["https:\/\/maluma.online\/"]}]},{"@type":"BreadcrumbList","@id":"https:\/\/maluma.online\/#breadcrumb","itemListElement":[{"@type":"ListItem","position":1,"name":"Home","item":"https:\/\/maluma.online\/"},{"@type":"ListItem","position":2,"name":"Inicio"}]},{"@type":"WebSite","@id":"https:\/\/maluma.online\/en\/#website","url":"https:\/\/maluma.online\/en\/","name":"Sitio oficial de Maluma \u2014 Loco x Volver","description":"Ingresa ahora y conoce todo lo nuevo de Maluma adem\u00e1s encuentra toda la informaci\u00f3n, M\u00fasica, eventos, merchandising, vive una experiencia VIP con Papi Juancho","publisher":{"@id":"https:\/\/maluma.online\/en\/#organization"},"potentialAction":[{"@type":"SearchAction","target":{"@type":"EntryPoint","urlTemplate":"https:\/\/maluma.online\/en\/?s={search_term_string}"},"query-input":{"@type":"PropertyValueSpecification","valueRequired":true,"valueName":"search_term_string"}}],"inLanguage":"en-US"},{"@type":"Organization","@id":"https:\/\/maluma.online\/en\/#organization","name":"Maluma","url":"https:\/\/maluma.online\/en\/","logo":{"@type":"ImageObject","inLanguage":"en-US","@id":"https:\/\/maluma.online\/en\/#\/schema\/logo\/image\/","url":"https:\/\/maluma.online\/wp-content\/uploads\/2026\/04\/NuevoLogo-Maluma.jpg","contentUrl":"https:\/\/maluma.online\/wp-content\/uploads\/2026\/04\/NuevoLogo-Maluma.jpg","width":435,"height":251,"caption":"Maluma"},"image":{"@id":"https:\/\/maluma.online\/en\/#\/schema\/logo\/image\/"},"sameAs":["https:\/\/www.instagram.com\/maluma\/","https:\/\/x.com\/maluma","https:\/\/www.youtube.com\/channel\/UClZuKq2m0Qu-HkopkSBLpEw","https:\/\/music.apple.com\/cy\/artist\/maluma\/448916501","https:\/\/open.spotify.com\/intl-es\/artist\/1r4hJ1h58CWwUQe3MxPuau"]}]}},"_links":{"self":[{"href":"https:\/\/maluma.online\/en\/wp-json\/wp\/v2\/pages\/12","targetHints":{"allow":["GET"]}}],"collection":[{"href":"https:\/\/maluma.online\/en\/wp-json\/wp\/v2\/pages"}],"about":[{"href":"https:\/\/maluma.online\/en\/wp-json\/wp\/v2\/types\/page"}],"author":[{"embeddable":true,"href":"https:\/\/maluma.online\/en\/wp-json\/wp\/v2\/users\/1"}],"replies":[{"embeddable":true,"href":"https:\/\/maluma.online\/en\/wp-json\/wp\/v2\/comments?post=12"}],"version-history":[{"count":1,"href":"https:\/\/maluma.online\/en\/wp-json\/wp\/v2\/pages\/12\/revisions"}],"predecessor-version":[{"id":160,"href":"https:\/\/maluma.online\/en\/wp-json\/wp\/v2\/pages\/12\/revisions\/160"}],"wp:attachment":[{"href":"https:\/\/maluma.online\/en\/wp-json\/wp\/v2\/media?parent=12"}],"curies":[{"name":"wp","href":"https:\/\/api.w.org\/{rel}","templated":true}]}}